{"id":18904,"date":"2018-07-04T11:23:28","date_gmt":"2018-07-04T09:23:28","guid":{"rendered":"https:\/\/www.mecolpress.com\/?page_id=18904"},"modified":"2020-09-11T12:03:21","modified_gmt":"2020-09-11T10:03:21","slug":"service-2","status":"publish","type":"page","link":"https:\/\/www.mecolpress.com\/fr\/service-2\/","title":{"rendered":"Service"},"content":{"rendered":"<p>[vc_section][vc_row gap=\u00a0\u00bb35&Prime; equal_height=\u00a0\u00bbyes\u00a0\u00bb][vc_column width=\u00a0\u00bb1\/2&Prime; css=\u00a0\u00bb.vc_custom_1521979264425{padding-top: 50px !important;}\u00a0\u00bb][vc_column_text]<\/p>\n<h1><img decoding=\"async\" class=\"alignnone size-full wp-image-20452\" src=\"https:\/\/www.mecolpress.com\/wp-content\/uploads\/2018\/03\/mic.png\" alt=\"\" width=\"71\" height=\"71\" \/> Support Client<\/h1>\n<p>&nbsp;<\/p>\n<p><span style=\"font-size: 18px;\">Les techniciens Mecolpress assistent les clients, soit sur place soit \u00e0 distance, par l\u2019interm\u00e9diaire d\u2019instruments technologiques et d\u2019outils informatiques de connexion tr\u00e8s modernes.<\/span><\/p>\n<p>&nbsp;<\/p>\n<p><span style=\"color: #ff0000;\"><strong>01.<\/strong><\/span> Team d\u00e9di\u00e9<\/p>\n<p><span style=\"color: #ff0000;\"><strong>02.<\/strong><\/span> Prise en charge rapide<\/p>\n<p><span style=\"color: #ff0000;\"><strong>03.<\/strong><\/span> Analyse approfondie du probl\u00e8me<\/p>\n<p><span style=\"color: #ff0000;\"><strong>04.<\/strong><\/span> Pi\u00e8ces de rechange toujours\u00a0disponibles<\/p>\n<p><span style=\"color: #ff0000;\"><strong>05.<\/strong><\/span>\u00a0T\u00e9l\u00e9assistance[\/vc_column_text][vc_btn title=\u00a0\u00bbContactez-nous\u00a0\u00bb style=\u00a0\u00bbcustom\u00a0\u00bb custom_background=\u00a0\u00bb#e41b21&Prime; custom_text=\u00a0\u00bb#ffffff\u00a0\u00bb shape=\u00a0\u00bbsquare\u00a0\u00bb i_align=\u00a0\u00bbright\u00a0\u00bb i_icon_fontawesome=\u00a0\u00bbfa fa-long-arrow-right\u00a0\u00bb add_icon=\u00a0\u00bbtrue\u00a0\u00bb link=\u00a0\u00bburl:mailto%3A%20service%40mecolpress.com|||\u00a0\u00bb][\/vc_column][vc_column width=\u00a0\u00bb1\/2&Prime; css=\u00a0\u00bb.vc_custom_1521978936774{padding-top: 50px !important;padding-right: 50px !important;padding-left: 50px !important;background-color: #e41b21 !important;}\u00a0\u00bb el_class=\u00a0\u00bbcustom-text-white\u00a0\u00bb][vc_column_text]<\/p>\n<h2><img decoding=\"async\" class=\"alignnone size-full wp-image-20456\" src=\"https:\/\/www.mecolpress.com\/wp-content\/uploads\/2018\/03\/ricambi.png\" alt=\"\" width=\"71\" height=\"71\" \/> <span style=\"color: #ffffff;\">Pi\u00e8ces de rechange<\/span><\/h2>\n<p><span style=\"font-size: 18px; color: #ffffff;\">Le service apr\u00e8s-vente qualifi\u00e9 garantit une prise en charge rapide des demandes gr\u00e2ce \u00e0 l&rsquo;utilisation des outils de diagnostic et informatiques les plus modernes.<\/span><\/p>\n<hr \/>\n<div class=\"wpb_text_column wpb_content_element \">\n<div class=\"wpb_wrapper\">\n<p><span style=\"color: #ffffff;\">Mecolpress mette a disposizione dei propri clienti un gruppo di lavoro dedicato al Servizio Post-Vendita, che pu\u00f2 fruire di una hot line a rapida presa in carico delle richieste, di profonde capacit\u00e0 di analisi dei problemi e di materiali sempre disponibili per eventuali necessit\u00e0 di ricambi.<\/span><\/p>\n<\/div>\n<\/div>\n<p>[\/vc_column_text][\/vc_column][\/vc_row][\/vc_section][vc_section full_width=\u00a0\u00bbstretch_row\u00a0\u00bb css=\u00a0\u00bb.vc_custom_1527673942661{margin-top: 64px !important;margin-bottom: 0px !important;padding-top: 0px !important;padding-bottom: 0px !important;background-color: #e41b21 !important;}\u00a0\u00bb el_class=\u00a0\u00bbbefore-footer\u00a0\u00bb][vc_row][vc_column][vc_raw_html]JTNDc2VjdGlvbiUyMGRhdGEtdmMtZnVsbC13aWR0aCUzRCUyMnRydWUlMjIlMjBkYXRhLXZjLWZ1bGwtd2lkdGgtaW5pdCUzRCUyMnRydWUlMjIlMjBjbGFzcyUzRCUyMnZjX3NlY3Rpb24lMjBiZWZvcmUtZm9vdGVyJTIwdmNfY3VzdG9tXzE1Mjc2NjcxODQwMjklMjB2Y19zZWN0aW9uLWhhcy1maWxsJTIyJTNFJTBBJTA5JTNDYnIlMkYlM0UlM0NkaXYlMjBjbGFzcyUzRCUyMmJveC1sZWZ0JTIyJTNFJTBBJTA5JTA5JTNDZGl2JTIwY2xhc3MlM0QlMjJpY29uLW1lZGlhJTIyJTIwZGF0YS1zdHlsZSUzRCUyMndpZHRoJTNBJTIwNDhweCUzQiUyMiUyMHN0eWxlJTNEJTIyZm9udC1zaXplJTNBJTIwNDhweCUzQiUyMiUzRSUwQSUwOSUwOSUwOSUzQ2klMjBjbGFzcyUzRCUyMmZhJTIwZmElMjBmYS1tb2JpbGUlMjIlM0UlM0MlMkZpJTNFJTBBJTA5JTA5JTNDJTJGZGl2JTNFJTBBJTA5JTA5JTNDZGl2JTIwY2xhc3MlM0QlMjJ0ZXh0LXNpZGUtaWNvbiUyMiUzRSUwQSUwOSUwOSUwOSUzQ2gzJTIwY2xhc3MlM0QlMjJpY29uLXRpdGxlJTIwdGV4dC11cHBlcmNhc2UlMjIlM0VDb250YWN0JTNDJTJGaDMlM0UlMEElMDklMDklMDklM0NwJTNFRW4lMjBzYXZvaXIlMjBwbHVzJTNDJTJGcCUzRSUwOSUwOSUwOSUwOSUwQSUwOSUwOSUzQyUyRmRpdiUzRSUwOSUwQSUwOSUwOSUzQ2RpdiUyMGNsYXNzJTNEJTIyd3BiX3dyYXBwZXIlMjIlM0UlMEElMDklMDklMDklM0NhJTIwaHJlZiUzRCUyMnRlbCUzQSUyQjM5MDMwMjU2MDExMCUyMiUzRSUyOCUyQjM5JTI5JTIwMDMwLiUyMDI1LjYwLjExMCUzQyUyRmElM0UlMEElMDklMDklM0MlMkZkaXYlM0UlMEElMDklM0MlMkZkaXYlM0UlMDklMEElMDklM0NkaXYlMjBjbGFzcyUzRCUyMmJveC1yaWdodCUyMiUzRSUwQSUwOSUwOSUzQ2RpdiUyMGNsYXNzJTNEJTIyaWNvbi1tZWRpYSUyMiUyMGRhdGEtc3R5bGUlM0QlMjJ3aWR0aCUzQSUyMDM4cHglM0IlMjIlMjBzdHlsZSUzRCUyMmZvbnQtc2l6ZSUzQSUyMDM4cHglM0IlMjIlM0UlMEElMDklMDklMDklM0NpJTIwY2xhc3MlM0QlMjJmYSUyMGZhJTIwZmEtZW52ZWxvcGUtb3Blbi1vJTIyJTNFJTNDJTJGaSUzRSUwQSUwOSUwOSUzQyUyRmRpdiUzRSUwQSUwOSUwOSUzQ2RpdiUyMGNsYXNzJTNEJTIydGV4dC1zaWRlLWljb24lMjIlM0UlMEElMDklMDklMDklM0NoMyUyMGNsYXNzJTNEJTIyaWNvbi10aXRsZSUyMHRleHQtdXBwZXJjYXNlJTIyJTNFRW52b3llciUyMHVuJTIwZW1haWwlM0MlMkZoMyUzRSUwQSUwOSUwOSUwOSUzQ3AlM0VEZW1hbmRlciUyMGRlcyUyMHBpJUMzJUE4Y2VzJTIwZGUlMjByZWNoYW5nZSUzQyUyRnAlM0UlMDklMDklMDklMDklMEElMDklMDklM0MlMkZkaXYlM0UlMDklMEElMDklMDklM0NkaXYlMjBjbGFzcyUzRCUyMndwYl93cmFwcGVyJTIyJTNFJTBBJTA5JTA5JTA5JTNDYSUyMGhyZWYlM0QlMjJtYWlsdG8lM0FzYWxlcyU0MG1lY29scHJlc3MuY29tJTIyJTNFc2FsZXMlNDBtZWNvbHByZXNzLmNvbSUzQyUyRmElM0UlMEElMDklMDklM0MlMkZkaXYlM0UlMEElMDklM0MlMkZkaXYlM0UlMDklMEElM0MlMkZzZWN0aW9uJTNF[\/vc_raw_html][\/vc_column][\/vc_row][\/vc_section]<\/p>\n","protected":false},"excerpt":{"rendered":"<p>[vc_section][vc_row gap=\u00a0\u00bb35&Prime; equal_height=\u00a0\u00bbyes\u00a0\u00bb][vc_column width=\u00a0\u00bb1\/2&Prime; css=\u00a0\u00bb.vc_custom_1521979264425{padding-top: 50px !important;}\u00a0\u00bb][vc_column_text] Support Client &nbsp; Les techniciens Mecolpress assistent les clients, soit &hellip;<\/p>\n","protected":false},"author":4,"featured_media":0,"parent":0,"menu_order":0,"comment_status":"closed","ping_status":"closed","template":"","meta":{"footnotes":""},"class_list":["post-18904","page","type-page","status-publish","hentry"],"yoast_head":"<!-- This site is optimized with the Yoast SEO Premium plugin v27.3 (Yoast SEO v27.3) - https:\/\/yoast.com\/product\/yoast-seo-premium-wordpress\/ -->\n<title>Service Apr\u00e8s-vente \u00e0 l&#039;estampage \u00e0 chaud - Mecolpress<\/title>\n<meta name=\"description\" content=\"Mecolpress a cr\u00e9\u00e9 un groupe de travail d\u00e9di\u00e9 au Service Apr\u00e8s-vente poss\u00e9dant de bonnes capacit\u00e9s d\u2019analyse des probl\u00e8mes\/mat\u00e9riaux pour l&#039;estampage \u00e0 chaud\" \/>\n<meta name=\"robots\" content=\"index, follow, max-snippet:-1, max-image-preview:large, max-video-preview:-1\" \/>\n<link rel=\"canonical\" href=\"https:\/\/www.mecolpress.com\/fr\/service-2\/\" \/>\n<meta property=\"og:locale\" content=\"fr_FR\" \/>\n<meta property=\"og:type\" content=\"article\" \/>\n<meta property=\"og:title\" content=\"Service\" \/>\n<meta property=\"og:description\" content=\"Mecolpress a cr\u00e9\u00e9 un groupe de travail d\u00e9di\u00e9 au Service Apr\u00e8s-vente poss\u00e9dant de bonnes capacit\u00e9s d\u2019analyse des probl\u00e8mes\/mat\u00e9riaux pour l&#039;estampage \u00e0 chaud\" \/>\n<meta property=\"og:url\" content=\"https:\/\/www.mecolpress.com\/fr\/service-2\/\" \/>\n<meta property=\"og:site_name\" content=\"Mecolpress\" \/>\n<meta property=\"article:publisher\" content=\"https:\/\/www.facebook.com\/mecolpress\/\" \/>\n<meta property=\"article:modified_time\" content=\"2020-09-11T10:03:21+00:00\" \/>\n<meta property=\"og:image\" content=\"https:\/\/www.mecolpress.com\/wp-content\/uploads\/2018\/03\/mic.png\" \/>\n<meta name=\"twitter:card\" content=\"summary_large_image\" \/>\n<meta name=\"twitter:label1\" content=\"Dur\u00e9e de lecture estim\u00e9e\" \/>\n\t<meta name=\"twitter:data1\" content=\"2 minutes\" \/>\n<script type=\"application\/ld+json\" class=\"yoast-schema-graph\">{\"@context\":\"https:\\\/\\\/schema.org\",\"@graph\":[{\"@type\":\"WebPage\",\"@id\":\"https:\\\/\\\/www.mecolpress.com\\\/fr\\\/service-2\\\/\",\"url\":\"https:\\\/\\\/www.mecolpress.com\\\/fr\\\/service-2\\\/\",\"name\":\"Service Apr\u00e8s-vente \u00e0 l'estampage \u00e0 chaud - Mecolpress\",\"isPartOf\":{\"@id\":\"https:\\\/\\\/www.mecolpress.com\\\/#website\"},\"primaryImageOfPage\":{\"@id\":\"https:\\\/\\\/www.mecolpress.com\\\/fr\\\/service-2\\\/#primaryimage\"},\"image\":{\"@id\":\"https:\\\/\\\/www.mecolpress.com\\\/fr\\\/service-2\\\/#primaryimage\"},\"thumbnailUrl\":\"https:\\\/\\\/www.mecolpress.com\\\/wp-content\\\/uploads\\\/2018\\\/03\\\/mic.png\",\"datePublished\":\"2018-07-04T09:23:28+00:00\",\"dateModified\":\"2020-09-11T10:03:21+00:00\",\"description\":\"Mecolpress a cr\u00e9\u00e9 un groupe de travail d\u00e9di\u00e9 au Service Apr\u00e8s-vente poss\u00e9dant de bonnes capacit\u00e9s d\u2019analyse des probl\u00e8mes\\\/mat\u00e9riaux pour l'estampage \u00e0 chaud\",\"breadcrumb\":{\"@id\":\"https:\\\/\\\/www.mecolpress.com\\\/fr\\\/service-2\\\/#breadcrumb\"},\"inLanguage\":\"fr-FR\",\"potentialAction\":[{\"@type\":\"ReadAction\",\"target\":[\"https:\\\/\\\/www.mecolpress.com\\\/fr\\\/service-2\\\/\"]}]},{\"@type\":\"ImageObject\",\"inLanguage\":\"fr-FR\",\"@id\":\"https:\\\/\\\/www.mecolpress.com\\\/fr\\\/service-2\\\/#primaryimage\",\"url\":\"https:\\\/\\\/www.mecolpress.com\\\/wp-content\\\/uploads\\\/2018\\\/03\\\/mic.png\",\"contentUrl\":\"https:\\\/\\\/www.mecolpress.com\\\/wp-content\\\/uploads\\\/2018\\\/03\\\/mic.png\"},{\"@type\":\"BreadcrumbList\",\"@id\":\"https:\\\/\\\/www.mecolpress.com\\\/fr\\\/service-2\\\/#breadcrumb\",\"itemListElement\":[{\"@type\":\"ListItem\",\"position\":1,\"name\":\"Home\",\"item\":\"https:\\\/\\\/www.mecolpress.com\\\/fr\\\/\"},{\"@type\":\"ListItem\",\"position\":2,\"name\":\"Service\"}]},{\"@type\":\"WebSite\",\"@id\":\"https:\\\/\\\/www.mecolpress.com\\\/#website\",\"url\":\"https:\\\/\\\/www.mecolpress.com\\\/\",\"name\":\"Mecolpress\",\"description\":\"La Tecnologia della Forma\",\"publisher\":{\"@id\":\"https:\\\/\\\/www.mecolpress.com\\\/#organization\"},\"potentialAction\":[{\"@type\":\"SearchAction\",\"target\":{\"@type\":\"EntryPoint\",\"urlTemplate\":\"https:\\\/\\\/www.mecolpress.com\\\/?s={search_term_string}\"},\"query-input\":{\"@type\":\"PropertyValueSpecification\",\"valueRequired\":true,\"valueName\":\"search_term_string\"}}],\"inLanguage\":\"fr-FR\"},{\"@type\":\"Organization\",\"@id\":\"https:\\\/\\\/www.mecolpress.com\\\/#organization\",\"name\":\"Mecolpress S.p.a.\",\"url\":\"https:\\\/\\\/www.mecolpress.com\\\/\",\"logo\":{\"@type\":\"ImageObject\",\"inLanguage\":\"fr-FR\",\"@id\":\"https:\\\/\\\/www.mecolpress.com\\\/#\\\/schema\\\/logo\\\/image\\\/\",\"url\":\"https:\\\/\\\/www.mecolpress.com\\\/wp-content\\\/uploads\\\/2018\\\/11\\\/logo_Mecolpress_RED-Copia.jpg\",\"contentUrl\":\"https:\\\/\\\/www.mecolpress.com\\\/wp-content\\\/uploads\\\/2018\\\/11\\\/logo_Mecolpress_RED-Copia.jpg\",\"width\":853,\"height\":516,\"caption\":\"Mecolpress S.p.a.\"},\"image\":{\"@id\":\"https:\\\/\\\/www.mecolpress.com\\\/#\\\/schema\\\/logo\\\/image\\\/\"},\"sameAs\":[\"https:\\\/\\\/www.facebook.com\\\/mecolpress\\\/\",\"https:\\\/\\\/www.instagram.com\\\/mecolpress\",\"https:\\\/\\\/www.linkedin.com\\\/company\\\/mecolpress-s.p.a.\",\"https:\\\/\\\/www.youtube.com\\\/user\\\/mecolpressvideo\"]}]}<\/script>\n<!-- \/ Yoast SEO Premium plugin. -->","yoast_head_json":{"title":"Service Apr\u00e8s-vente \u00e0 l'estampage \u00e0 chaud - Mecolpress","description":"Mecolpress a cr\u00e9\u00e9 un groupe de travail d\u00e9di\u00e9 au Service Apr\u00e8s-vente poss\u00e9dant de bonnes capacit\u00e9s d\u2019analyse des probl\u00e8mes\/mat\u00e9riaux pour l'estampage \u00e0 chaud","robots":{"index":"index","follow":"follow","max-snippet":"max-snippet:-1","max-image-preview":"max-image-preview:large","max-video-preview":"max-video-preview:-1"},"canonical":"https:\/\/www.mecolpress.com\/fr\/service-2\/","og_locale":"fr_FR","og_type":"article","og_title":"Service","og_description":"Mecolpress a cr\u00e9\u00e9 un groupe de travail d\u00e9di\u00e9 au Service Apr\u00e8s-vente poss\u00e9dant de bonnes capacit\u00e9s d\u2019analyse des probl\u00e8mes\/mat\u00e9riaux pour l'estampage \u00e0 chaud","og_url":"https:\/\/www.mecolpress.com\/fr\/service-2\/","og_site_name":"Mecolpress","article_publisher":"https:\/\/www.facebook.com\/mecolpress\/","article_modified_time":"2020-09-11T10:03:21+00:00","og_image":[{"url":"https:\/\/www.mecolpress.com\/wp-content\/uploads\/2018\/03\/mic.png","type":"","width":"","height":""}],"twitter_card":"summary_large_image","twitter_misc":{"Dur\u00e9e de lecture estim\u00e9e":"2 minutes"},"schema":{"@context":"https:\/\/schema.org","@graph":[{"@type":"WebPage","@id":"https:\/\/www.mecolpress.com\/fr\/service-2\/","url":"https:\/\/www.mecolpress.com\/fr\/service-2\/","name":"Service Apr\u00e8s-vente \u00e0 l'estampage \u00e0 chaud - Mecolpress","isPartOf":{"@id":"https:\/\/www.mecolpress.com\/#website"},"primaryImageOfPage":{"@id":"https:\/\/www.mecolpress.com\/fr\/service-2\/#primaryimage"},"image":{"@id":"https:\/\/www.mecolpress.com\/fr\/service-2\/#primaryimage"},"thumbnailUrl":"https:\/\/www.mecolpress.com\/wp-content\/uploads\/2018\/03\/mic.png","datePublished":"2018-07-04T09:23:28+00:00","dateModified":"2020-09-11T10:03:21+00:00","description":"Mecolpress a cr\u00e9\u00e9 un groupe de travail d\u00e9di\u00e9 au Service Apr\u00e8s-vente poss\u00e9dant de bonnes capacit\u00e9s d\u2019analyse des probl\u00e8mes\/mat\u00e9riaux pour l'estampage \u00e0 chaud","breadcrumb":{"@id":"https:\/\/www.mecolpress.com\/fr\/service-2\/#breadcrumb"},"inLanguage":"fr-FR","potentialAction":[{"@type":"ReadAction","target":["https:\/\/www.mecolpress.com\/fr\/service-2\/"]}]},{"@type":"ImageObject","inLanguage":"fr-FR","@id":"https:\/\/www.mecolpress.com\/fr\/service-2\/#primaryimage","url":"https:\/\/www.mecolpress.com\/wp-content\/uploads\/2018\/03\/mic.png","contentUrl":"https:\/\/www.mecolpress.com\/wp-content\/uploads\/2018\/03\/mic.png"},{"@type":"BreadcrumbList","@id":"https:\/\/www.mecolpress.com\/fr\/service-2\/#breadcrumb","itemListElement":[{"@type":"ListItem","position":1,"name":"Home","item":"https:\/\/www.mecolpress.com\/fr\/"},{"@type":"ListItem","position":2,"name":"Service"}]},{"@type":"WebSite","@id":"https:\/\/www.mecolpress.com\/#website","url":"https:\/\/www.mecolpress.com\/","name":"Mecolpress","description":"La Tecnologia della Forma","publisher":{"@id":"https:\/\/www.mecolpress.com\/#organization"},"potentialAction":[{"@type":"SearchAction","target":{"@type":"EntryPoint","urlTemplate":"https:\/\/www.mecolpress.com\/?s={search_term_string}"},"query-input":{"@type":"PropertyValueSpecification","valueRequired":true,"valueName":"search_term_string"}}],"inLanguage":"fr-FR"},{"@type":"Organization","@id":"https:\/\/www.mecolpress.com\/#organization","name":"Mecolpress S.p.a.","url":"https:\/\/www.mecolpress.com\/","logo":{"@type":"ImageObject","inLanguage":"fr-FR","@id":"https:\/\/www.mecolpress.com\/#\/schema\/logo\/image\/","url":"https:\/\/www.mecolpress.com\/wp-content\/uploads\/2018\/11\/logo_Mecolpress_RED-Copia.jpg","contentUrl":"https:\/\/www.mecolpress.com\/wp-content\/uploads\/2018\/11\/logo_Mecolpress_RED-Copia.jpg","width":853,"height":516,"caption":"Mecolpress S.p.a."},"image":{"@id":"https:\/\/www.mecolpress.com\/#\/schema\/logo\/image\/"},"sameAs":["https:\/\/www.facebook.com\/mecolpress\/","https:\/\/www.instagram.com\/mecolpress","https:\/\/www.linkedin.com\/company\/mecolpress-s.p.a.","https:\/\/www.youtube.com\/user\/mecolpressvideo"]}]}},"jetpack_sharing_enabled":true,"_links":{"self":[{"href":"https:\/\/www.mecolpress.com\/fr\/wp-json\/wp\/v2\/pages\/18904","targetHints":{"allow":["GET"]}}],"collection":[{"href":"https:\/\/www.mecolpress.com\/fr\/wp-json\/wp\/v2\/pages"}],"about":[{"href":"https:\/\/www.mecolpress.com\/fr\/wp-json\/wp\/v2\/types\/page"}],"author":[{"embeddable":true,"href":"https:\/\/www.mecolpress.com\/fr\/wp-json\/wp\/v2\/users\/4"}],"replies":[{"embeddable":true,"href":"https:\/\/www.mecolpress.com\/fr\/wp-json\/wp\/v2\/comments?post=18904"}],"version-history":[{"count":9,"href":"https:\/\/www.mecolpress.com\/fr\/wp-json\/wp\/v2\/pages\/18904\/revisions"}],"predecessor-version":[{"id":25268,"href":"https:\/\/www.mecolpress.com\/fr\/wp-json\/wp\/v2\/pages\/18904\/revisions\/25268"}],"wp:attachment":[{"href":"https:\/\/www.mecolpress.com\/fr\/wp-json\/wp\/v2\/media?parent=18904"}],"curies":[{"name":"wp","href":"https:\/\/api.w.org\/{rel}","templated":true}]}}