{"id":18910,"date":"2018-07-04T12:07:31","date_gmt":"2018-07-04T10:07:31","guid":{"rendered":"https:\/\/www.mecolpress.com\/?page_id=18910"},"modified":"2018-07-10T09:25:52","modified_gmt":"2018-07-10T07:25:52","slug":"automatisation","status":"publish","type":"page","link":"https:\/\/www.mecolpress.com\/fr\/automatisation\/","title":{"rendered":"Automatisation"},"content":{"rendered":"<p>[vc_section css=\u00a0\u00bb.vc_custom_1521975394084{padding-bottom: 64px !important;}\u00a0\u00bb][vc_row][vc_column css=\u00a0\u00bb.vc_custom_1528193545898{margin-top: 12px !important;}\u00a0\u00bb][vc_column_text el_class=\u00a0\u00bbheading-subtitle\u00a0\u00bb]Automatisation[\/vc_column_text][\/vc_column][\/vc_row][vc_row gap=\u00a0\u00bb35&Prime;][vc_column width=\u00a0\u00bb1\/2&Prime;]<h1 class='heading-left  divider-modern'  id='page-header'><span> Mecolpress est le meilleur lien<\/span><\/h1>[\/vc_column][vc_column width=\u00a0\u00bb1\/2&Prime;][vc_empty_space height=\u00a0\u00bb20px\u00a0\u00bb][vc_column_text el_class=\u00a0\u00bbclaim-text\u00a0\u00bb]<span style=\"font-size: 18px;\">Projet et construction d\u2019automatismes pour l\u2019asservissement des presses et d\u2019autres machines de processus pour l\u2019estampage \u00e0 chaud.<\/span><\/p>\n<p><span style=\"font-size: 14px;\"><span style=\"color: #ff0000;\"><strong>01.<\/strong><\/span>\u00a0Robots anthropomorphes<\/span><\/p>\n<p><span style=\"font-size: 14px;\"><span style=\"color: #ff0000;\"><strong>02.<\/strong><\/span> Syst\u00e8me de refroidissement des pi\u00e8ces estamp\u00e9es<\/span><\/p>\n<p><span style=\"font-size: 14px;\"><span style=\"color: #ff0000;\"><strong>03.<\/strong><\/span> Syst\u00e8me de lubrification et de refroidissement des matrices int\u00e9gr\u00e9es ou ind\u00e9pendantes de la presse<\/span><\/p>\n<p><span style=\"font-size: 14px;\"><strong><span style=\"color: #ff0000;\">04.\u00a0<\/span><\/strong>Syst\u00e8me de transfert pour l\u2019estampage<\/span><\/p>\n<p><span style=\"font-size: 14px;\"><span style=\"color: #ff0000;\"><strong>05.\u00a0<\/strong><\/span>Manipulateurs pneumatiques et \u00e9lectroniques con\u00e7us en fonction des exigences du client<\/span>[\/vc_column_text][\/vc_column][\/vc_row][\/vc_section][vc_row][vc_column][vc_single_image image=\u00a0\u00bb18213&Prime; img_size=\u00a0\u00bbfull\u00a0\u00bb][vc_empty_space][\/vc_column][\/vc_row][vc_section full_width=\u00a0\u00bbstretch_row\u00a0\u00bb css=\u00a0\u00bb.vc_custom_1527673740131{margin-top: 32px !important;margin-bottom: 0px !important;padding-top: 0px !important;padding-bottom: 0px !important;background-color: #e41b21 !important;}\u00a0\u00bb el_class=\u00a0\u00bbbefore-footer\u00a0\u00bb][vc_row][vc_column][vc_raw_html]JTNDc2VjdGlvbiUyMGRhdGEtdmMtZnVsbC13aWR0aCUzRCUyMnRydWUlMjIlMjBkYXRhLXZjLWZ1bGwtd2lkdGgtaW5pdCUzRCUyMnRydWUlMjIlMjBjbGFzcyUzRCUyMnZjX3NlY3Rpb24lMjBiZWZvcmUtZm9vdGVyJTIwdmNfY3VzdG9tXzE1Mjc2NjcxODQwMjklMjB2Y19zZWN0aW9uLWhhcy1maWxsJTIyJTNFJTBBJTA5JTNDYnIlMkYlM0UlM0NkaXYlMjBjbGFzcyUzRCUyMmJveC1sZWZ0JTIyJTNFJTBBJTA5JTA5JTNDZGl2JTIwY2xhc3MlM0QlMjJpY29uLW1lZGlhJTIyJTIwZGF0YS1zdHlsZSUzRCUyMndpZHRoJTNBJTIwNDhweCUzQiUyMiUyMHN0eWxlJTNEJTIyZm9udC1zaXplJTNBJTIwNDhweCUzQiUyMiUzRSUwQSUwOSUwOSUwOSUzQ2klMjBjbGFzcyUzRCUyMmZhJTIwZmElMjBmYS1tb2JpbGUlMjIlM0UlM0MlMkZpJTNFJTBBJTA5JTA5JTNDJTJGZGl2JTNFJTBBJTA5JTA5JTNDZGl2JTIwY2xhc3MlM0QlMjJ0ZXh0LXNpZGUtaWNvbiUyMiUzRSUwQSUwOSUwOSUwOSUzQ2gzJTIwY2xhc3MlM0QlMjJpY29uLXRpdGxlJTIwdGV4dC11cHBlcmNhc2UlMjIlM0VDb250YWN0JTNDJTJGaDMlM0UlMEElMDklMDklMDklM0NwJTNFRW4lMjBzYXZvaXIlMjBwbHVzJTNDJTJGcCUzRSUwOSUwOSUwOSUwOSUwQSUwOSUwOSUzQyUyRmRpdiUzRSUwOSUwQSUwOSUwOSUzQ2RpdiUyMGNsYXNzJTNEJTIyd3BiX3dyYXBwZXIlMjIlM0UlMEElMDklMDklMDklM0NhJTIwaHJlZiUzRCUyMnRlbCUzQSUyQjM5MDMwMjU2MDExMCUyMiUzRSUyOCUyQjM5JTI5JTIwMDMwLiUyMDI1LjYwLjExMCUzQyUyRmElM0UlMEElMDklMDklM0MlMkZkaXYlM0UlMEElMDklM0MlMkZkaXYlM0UlMDklMEElMDklM0NkaXYlMjBjbGFzcyUzRCUyMmJveC1yaWdodCUyMiUzRSUwQSUwOSUwOSUzQ2RpdiUyMGNsYXNzJTNEJTIyaWNvbi1tZWRpYSUyMiUyMGRhdGEtc3R5bGUlM0QlMjJ3aWR0aCUzQSUyMDM4cHglM0IlMjIlMjBzdHlsZSUzRCUyMmZvbnQtc2l6ZSUzQSUyMDM4cHglM0IlMjIlM0UlMEElMDklMDklMDklM0NpJTIwY2xhc3MlM0QlMjJmYSUyMGZhJTIwZmEtZW52ZWxvcGUtb3Blbi1vJTIyJTNFJTNDJTJGaSUzRSUwQSUwOSUwOSUzQyUyRmRpdiUzRSUwQSUwOSUwOSUzQ2RpdiUyMGNsYXNzJTNEJTIydGV4dC1zaWRlLWljb24lMjIlM0UlMEElMDklMDklMDklM0NoMyUyMGNsYXNzJTNEJTIyaWNvbi10aXRsZSUyMHRleHQtdXBwZXJjYXNlJTIyJTNFRW52b3llciUyMHVuJTIwZW1haWwlM0MlMkZoMyUzRSUwQSUwOSUwOSUwOSUzQ3AlM0VEZW1hbmRlciUyMGRlcyUyMHBpJUMzJUE4Y2VzJTIwZGUlMjByZWNoYW5nZSUzQyUyRnAlM0UlMDklMDklMDklMDklMEElMDklMDklM0MlMkZkaXYlM0UlMDklMEElMDklMDklM0NkaXYlMjBjbGFzcyUzRCUyMndwYl93cmFwcGVyJTIyJTNFJTBBJTA5JTA5JTA5JTNDYSUyMGhyZWYlM0QlMjJtYWlsdG8lM0FzYWxlcyU0MG1lY29scHJlc3MuY29tJTIyJTNFc2FsZXMlNDBtZWNvbHByZXNzLmNvbSUzQyUyRmElM0UlMEElMDklMDklM0MlMkZkaXYlM0UlMEElMDklM0MlMkZkaXYlM0UlMDklMEElM0MlMkZzZWN0aW9uJTNF[\/vc_raw_html][\/vc_column][\/vc_row][\/vc_section]<\/p>\n","protected":false},"excerpt":{"rendered":"<p>[vc_section css=\u00a0\u00bb.vc_custom_1521975394084{padding-bottom: 64px !important;}\u00a0\u00bb][vc_row][vc_column css=\u00a0\u00bb.vc_custom_1528193545898{margin-top: 12px !important;}\u00a0\u00bb][vc_column_text el_class=\u00a0\u00bbheading-subtitle\u00a0\u00bb]Automatisation[\/vc_column_text][\/vc_column][\/vc_row][vc_row gap=\u00a0\u00bb35&Prime;][vc_column width=\u00a0\u00bb1\/2&Prime;][\/vc_column][vc_column width=\u00a0\u00bb1\/2&Prime;][vc_empty_space height=\u00a0\u00bb20px\u00a0\u00bb][vc_column_text el_class=\u00a0\u00bbclaim-text\u00a0\u00bb]Projet et construction d\u2019automatismes pour &hellip;<\/p>\n","protected":false},"author":4,"featured_media":0,"parent":0,"menu_order":0,"comment_status":"closed","ping_status":"closed","template":"","meta":{"footnotes":""},"class_list":["post-18910","page","type-page","status-publish","hentry"],"yoast_head":"<!-- This site is optimized with the Yoast SEO Premium plugin v27.3 (Yoast SEO v27.3) - https:\/\/yoast.com\/product\/yoast-seo-premium-wordpress\/ -->\n<title>Automatisation pour presses et processus pour l\u2019estampage \u00e0 chaud<\/title>\n<meta name=\"description\" content=\"Projet et construction d\u2019automatismes pour l\u2019asservissement des presses et d\u2019autres machines de processus pour l\u2019estampage \u00e0 chaud.\" \/>\n<meta name=\"robots\" content=\"index, follow, max-snippet:-1, max-image-preview:large, max-video-preview:-1\" \/>\n<link rel=\"canonical\" href=\"https:\/\/www.mecolpress.com\/fr\/automatisation\/\" \/>\n<meta property=\"og:locale\" content=\"fr_FR\" \/>\n<meta property=\"og:type\" content=\"article\" \/>\n<meta property=\"og:title\" content=\"Automatisation\" \/>\n<meta property=\"og:description\" content=\"Projet et construction d\u2019automatismes pour l\u2019asservissement des presses et d\u2019autres machines de processus pour l\u2019estampage \u00e0 chaud.\" \/>\n<meta property=\"og:url\" content=\"https:\/\/www.mecolpress.com\/fr\/automatisation\/\" \/>\n<meta property=\"og:site_name\" content=\"Mecolpress\" \/>\n<meta property=\"article:publisher\" content=\"https:\/\/www.facebook.com\/mecolpress\/\" \/>\n<meta property=\"article:modified_time\" content=\"2018-07-10T07:25:52+00:00\" \/>\n<meta name=\"twitter:card\" content=\"summary_large_image\" \/>\n<meta name=\"twitter:label1\" content=\"Dur\u00e9e de lecture estim\u00e9e\" \/>\n\t<meta name=\"twitter:data1\" content=\"2 minutes\" \/>\n<script type=\"application\/ld+json\" class=\"yoast-schema-graph\">{\"@context\":\"https:\\\/\\\/schema.org\",\"@graph\":[{\"@type\":\"WebPage\",\"@id\":\"https:\\\/\\\/www.mecolpress.com\\\/fr\\\/automatisation\\\/\",\"url\":\"https:\\\/\\\/www.mecolpress.com\\\/fr\\\/automatisation\\\/\",\"name\":\"Automatisation pour presses et processus pour l\u2019estampage \u00e0 chaud\",\"isPartOf\":{\"@id\":\"https:\\\/\\\/www.mecolpress.com\\\/#website\"},\"datePublished\":\"2018-07-04T10:07:31+00:00\",\"dateModified\":\"2018-07-10T07:25:52+00:00\",\"description\":\"Projet et construction d\u2019automatismes pour l\u2019asservissement des presses et d\u2019autres machines de processus pour l\u2019estampage \u00e0 chaud.\",\"breadcrumb\":{\"@id\":\"https:\\\/\\\/www.mecolpress.com\\\/fr\\\/automatisation\\\/#breadcrumb\"},\"inLanguage\":\"fr-FR\",\"potentialAction\":[{\"@type\":\"ReadAction\",\"target\":[\"https:\\\/\\\/www.mecolpress.com\\\/fr\\\/automatisation\\\/\"]}]},{\"@type\":\"BreadcrumbList\",\"@id\":\"https:\\\/\\\/www.mecolpress.com\\\/fr\\\/automatisation\\\/#breadcrumb\",\"itemListElement\":[{\"@type\":\"ListItem\",\"position\":1,\"name\":\"Home\",\"item\":\"https:\\\/\\\/www.mecolpress.com\\\/fr\\\/\"},{\"@type\":\"ListItem\",\"position\":2,\"name\":\"Automatisation\"}]},{\"@type\":\"WebSite\",\"@id\":\"https:\\\/\\\/www.mecolpress.com\\\/#website\",\"url\":\"https:\\\/\\\/www.mecolpress.com\\\/\",\"name\":\"Mecolpress\",\"description\":\"La Tecnologia della Forma\",\"publisher\":{\"@id\":\"https:\\\/\\\/www.mecolpress.com\\\/#organization\"},\"potentialAction\":[{\"@type\":\"SearchAction\",\"target\":{\"@type\":\"EntryPoint\",\"urlTemplate\":\"https:\\\/\\\/www.mecolpress.com\\\/?s={search_term_string}\"},\"query-input\":{\"@type\":\"PropertyValueSpecification\",\"valueRequired\":true,\"valueName\":\"search_term_string\"}}],\"inLanguage\":\"fr-FR\"},{\"@type\":\"Organization\",\"@id\":\"https:\\\/\\\/www.mecolpress.com\\\/#organization\",\"name\":\"Mecolpress S.p.a.\",\"url\":\"https:\\\/\\\/www.mecolpress.com\\\/\",\"logo\":{\"@type\":\"ImageObject\",\"inLanguage\":\"fr-FR\",\"@id\":\"https:\\\/\\\/www.mecolpress.com\\\/#\\\/schema\\\/logo\\\/image\\\/\",\"url\":\"https:\\\/\\\/www.mecolpress.com\\\/wp-content\\\/uploads\\\/2018\\\/11\\\/logo_Mecolpress_RED-Copia.jpg\",\"contentUrl\":\"https:\\\/\\\/www.mecolpress.com\\\/wp-content\\\/uploads\\\/2018\\\/11\\\/logo_Mecolpress_RED-Copia.jpg\",\"width\":853,\"height\":516,\"caption\":\"Mecolpress S.p.a.\"},\"image\":{\"@id\":\"https:\\\/\\\/www.mecolpress.com\\\/#\\\/schema\\\/logo\\\/image\\\/\"},\"sameAs\":[\"https:\\\/\\\/www.facebook.com\\\/mecolpress\\\/\",\"https:\\\/\\\/www.instagram.com\\\/mecolpress\",\"https:\\\/\\\/www.linkedin.com\\\/company\\\/mecolpress-s.p.a.\",\"https:\\\/\\\/www.youtube.com\\\/user\\\/mecolpressvideo\"]}]}<\/script>\n<!-- \/ Yoast SEO Premium plugin. -->","yoast_head_json":{"title":"Automatisation pour presses et processus pour l\u2019estampage \u00e0 chaud","description":"Projet et construction d\u2019automatismes pour l\u2019asservissement des presses et d\u2019autres machines de processus pour l\u2019estampage \u00e0 chaud.","robots":{"index":"index","follow":"follow","max-snippet":"max-snippet:-1","max-image-preview":"max-image-preview:large","max-video-preview":"max-video-preview:-1"},"canonical":"https:\/\/www.mecolpress.com\/fr\/automatisation\/","og_locale":"fr_FR","og_type":"article","og_title":"Automatisation","og_description":"Projet et construction d\u2019automatismes pour l\u2019asservissement des presses et d\u2019autres machines de processus pour l\u2019estampage \u00e0 chaud.","og_url":"https:\/\/www.mecolpress.com\/fr\/automatisation\/","og_site_name":"Mecolpress","article_publisher":"https:\/\/www.facebook.com\/mecolpress\/","article_modified_time":"2018-07-10T07:25:52+00:00","twitter_card":"summary_large_image","twitter_misc":{"Dur\u00e9e de lecture estim\u00e9e":"2 minutes"},"schema":{"@context":"https:\/\/schema.org","@graph":[{"@type":"WebPage","@id":"https:\/\/www.mecolpress.com\/fr\/automatisation\/","url":"https:\/\/www.mecolpress.com\/fr\/automatisation\/","name":"Automatisation pour presses et processus pour l\u2019estampage \u00e0 chaud","isPartOf":{"@id":"https:\/\/www.mecolpress.com\/#website"},"datePublished":"2018-07-04T10:07:31+00:00","dateModified":"2018-07-10T07:25:52+00:00","description":"Projet et construction d\u2019automatismes pour l\u2019asservissement des presses et d\u2019autres machines de processus pour l\u2019estampage \u00e0 chaud.","breadcrumb":{"@id":"https:\/\/www.mecolpress.com\/fr\/automatisation\/#breadcrumb"},"inLanguage":"fr-FR","potentialAction":[{"@type":"ReadAction","target":["https:\/\/www.mecolpress.com\/fr\/automatisation\/"]}]},{"@type":"BreadcrumbList","@id":"https:\/\/www.mecolpress.com\/fr\/automatisation\/#breadcrumb","itemListElement":[{"@type":"ListItem","position":1,"name":"Home","item":"https:\/\/www.mecolpress.com\/fr\/"},{"@type":"ListItem","position":2,"name":"Automatisation"}]},{"@type":"WebSite","@id":"https:\/\/www.mecolpress.com\/#website","url":"https:\/\/www.mecolpress.com\/","name":"Mecolpress","description":"La Tecnologia della Forma","publisher":{"@id":"https:\/\/www.mecolpress.com\/#organization"},"potentialAction":[{"@type":"SearchAction","target":{"@type":"EntryPoint","urlTemplate":"https:\/\/www.mecolpress.com\/?s={search_term_string}"},"query-input":{"@type":"PropertyValueSpecification","valueRequired":true,"valueName":"search_term_string"}}],"inLanguage":"fr-FR"},{"@type":"Organization","@id":"https:\/\/www.mecolpress.com\/#organization","name":"Mecolpress S.p.a.","url":"https:\/\/www.mecolpress.com\/","logo":{"@type":"ImageObject","inLanguage":"fr-FR","@id":"https:\/\/www.mecolpress.com\/#\/schema\/logo\/image\/","url":"https:\/\/www.mecolpress.com\/wp-content\/uploads\/2018\/11\/logo_Mecolpress_RED-Copia.jpg","contentUrl":"https:\/\/www.mecolpress.com\/wp-content\/uploads\/2018\/11\/logo_Mecolpress_RED-Copia.jpg","width":853,"height":516,"caption":"Mecolpress S.p.a."},"image":{"@id":"https:\/\/www.mecolpress.com\/#\/schema\/logo\/image\/"},"sameAs":["https:\/\/www.facebook.com\/mecolpress\/","https:\/\/www.instagram.com\/mecolpress","https:\/\/www.linkedin.com\/company\/mecolpress-s.p.a.","https:\/\/www.youtube.com\/user\/mecolpressvideo"]}]}},"jetpack_sharing_enabled":true,"_links":{"self":[{"href":"https:\/\/www.mecolpress.com\/fr\/wp-json\/wp\/v2\/pages\/18910","targetHints":{"allow":["GET"]}}],"collection":[{"href":"https:\/\/www.mecolpress.com\/fr\/wp-json\/wp\/v2\/pages"}],"about":[{"href":"https:\/\/www.mecolpress.com\/fr\/wp-json\/wp\/v2\/types\/page"}],"author":[{"embeddable":true,"href":"https:\/\/www.mecolpress.com\/fr\/wp-json\/wp\/v2\/users\/4"}],"replies":[{"embeddable":true,"href":"https:\/\/www.mecolpress.com\/fr\/wp-json\/wp\/v2\/comments?post=18910"}],"version-history":[{"count":4,"href":"https:\/\/www.mecolpress.com\/fr\/wp-json\/wp\/v2\/pages\/18910\/revisions"}],"predecessor-version":[{"id":19526,"href":"https:\/\/www.mecolpress.com\/fr\/wp-json\/wp\/v2\/pages\/18910\/revisions\/19526"}],"wp:attachment":[{"href":"https:\/\/www.mecolpress.com\/fr\/wp-json\/wp\/v2\/media?parent=18910"}],"curies":[{"name":"wp","href":"https:\/\/api.w.org\/{rel}","templated":true}]}}