{"id":19052,"date":"2018-07-05T14:32:14","date_gmt":"2018-07-05T12:32:14","guid":{"rendered":"https:\/\/www.mecolpress.com\/?page_id=19052"},"modified":"2019-09-06T21:15:08","modified_gmt":"2019-09-06T19:15:08","slug":"entreprise","status":"publish","type":"page","link":"https:\/\/www.mecolpress.com\/fr\/entreprise\/","title":{"rendered":"Entreprise"},"content":{"rendered":"<p>[vc_row][vc_column][vc_empty_space][\/vc_column][\/vc_row][vc_row el_id=\u00a0\u00bbheader-azienda\u00a0\u00bb][vc_column width=\u00a0\u00bb1\/2&Prime;][vc_single_image image=\u00a0\u00bb296&Prime; img_size=\u00a0\u00bbfull\u00a0\u00bb alignment=\u00a0\u00bbcenter\u00a0\u00bb][\/vc_column][vc_column width=\u00a0\u00bb1\/2&Prime; el_class=\u00a0\u00bbazienda-text\u00a0\u00bb][vc_column_text]<strong>Mecolpress a \u00e9t\u00e9 fond\u00e9e en 1969<\/strong> afin de fabriquer des presses pour l\u2019estampage \u00e0 chaud d\u2019alliages m\u00e9talliques. Les capacit\u00e9s de conception de ses fondateurs et le recours permanent \u00e0 l\u2019innovation technologique lui ont permis de se placer bien vite dans une position d\u2019excellence parmi les constructeurs du secteur mais \u00e9galement d\u2019\u00eatre appr\u00e9ci\u00e9e sur tous les march\u00e9s internationaux.<\/p>\n<p>Au bout de quelques ann\u00e9es, l\u2019entreprise a achet\u00e9 deux marques historiques dans le secteur des presses \u00e0 vis, \u00e0 savoir Dellavia et Osterwalder afin d\u2019\u00e9largir son offre sur le march\u00e9.<\/p>\n<p>Aujourd\u2019hui, la capacit\u00e9 standard des machines atteint 8.000 kN et elle d\u00e9passe10.000 kN pour les projets sp\u00e9ciaux. Nous sommes en mesure de fournir, avec la formule \u00ab\u00a0cl\u00e9s en main\u00a0\u00bb, toute la ligne d\u2019estampage, \u00e0 savoir les\u00a0<strong>machines \u00e0 scier les barres, les graphiteuses, les fours de chauffage, les presses, les presses m\u00e9caniques, les presses industrielles, les machines d\u2019\u00e9bavurage manuelles ou automatiques<\/strong>\u00a0et d\u2019autres machines \u00e9ventuelles garantissant tout le processus de production\u00a0; par ailleurs, nous pouvons concevoir des solutions personnalis\u00e9es en fonction des exigences des clients.<\/p>\n<p>Actuellement, l\u2019entreprise se d\u00e9veloppe sur une surface <strong>de plus de 30.000 m<sup>2<\/sup>.<\/strong><\/p>\n<p>Gr\u00e2ce \u00e0 l\u2019exp\u00e9rience acquise dans le domaine de l\u2019estampage, en plus de la fabrication des machines, l\u2019entreprise peut offrir aujourd\u2019hui des services de consultation, des \u00e9tudes de processus et de matrices, des presses d\u2019occasion, des presses hydrauliques et m\u00e9caniques d\u2019occasion.[\/vc_column_text][vc_btn title=\u00a0\u00bbL&rsquo;histoire de Mecolpress\u00a0\u00bb color=\u00a0\u00bbdanger\u00a0\u00bb size=\u00a0\u00bblg\u00a0\u00bb align=\u00a0\u00bbcenter\u00a0\u00bb link=\u00a0\u00bburl:https%3A%2F%2Fwww.mecolpress.com%2Ffr%2Fmecolpress-lhistoire%2F||target:%20_blank|\u00a0\u00bb][\/vc_column][\/vc_row][vc_row full_width=\u00a0\u00bbstretch_row_content_no_spaces\u00a0\u00bb css=\u00a0\u00bb.vc_custom_1519831308823{margin-top: 0px !important;margin-bottom: -10px !important;padding-top: 0px !important;padding-bottom: 0px !important;background-color: #f3f5f7 !important;}\u00a0\u00bb][vc_column css=\u00a0\u00bb.vc_custom_1567797218957{margin-top: 0px !important;margin-bottom: 0px !important;padding-top: 200px !important;padding-bottom: 0px !important;}\u00a0\u00bb][vc_row_inner][vc_column_inner offset=\u00a0\u00bbvc_hidden-md vc_hidden-sm vc_hidden-xs\u00a0\u00bb css=\u00a0\u00bb.vc_custom_1567797292144{padding-top: 200px !important;}\u00a0\u00bb][vc_single_image image=\u00a0\u00bb23529&Prime; img_size=\u00a0\u00bbfull\u00a0\u00bb alignment=\u00a0\u00bbcenter\u00a0\u00bb onclick=\u00a0\u00bbcustom_link\u00a0\u00bb link=\u00a0\u00bb#\u00a0\u00bb el_class=\u00a0\u00bbcustom-video popmake-23490&Prime; css=\u00a0\u00bb.vc_custom_1567797162222{margin-top: -349px !important;}\u00a0\u00bb][\/vc_column_inner][\/vc_row_inner][vc_row_inner css=\u00a0\u00bb.vc_custom_1522023070072{margin-top: -200px !important;padding-top: 0px !important;}\u00a0\u00bb][vc_column_inner offset=\u00a0\u00bbvc_hidden-lg\u00a0\u00bb css=\u00a0\u00bb.vc_custom_1522023277992{margin-top: 0px !important;padding-right: 50px !important;padding-left: 50px !important;}\u00a0\u00bb][vc_single_image image=\u00a0\u00bb23529&Prime; img_size=\u00a0\u00bbfull\u00a0\u00bb alignment=\u00a0\u00bbcenter\u00a0\u00bb onclick=\u00a0\u00bbcustom_link\u00a0\u00bb link=\u00a0\u00bb#\u00a0\u00bb el_class=\u00a0\u00bbcustom-video popmake-23490&Prime; css=\u00a0\u00bb.vc_custom_1567797193126{margin-top: 0px !important;padding-top: 0px !important;}\u00a0\u00bb][\/vc_column_inner][\/vc_row_inner][\/vc_column][\/vc_row][vc_row full_width=\u00a0\u00bbstretch_row_content_no_spaces\u00a0\u00bb][vc_column][vc_column_text]<\/p>\n<div class=\"container-triangle\">\n<div class=\"box-triangle\">\n<p><span class=\"triangle-title\" style=\"color: #ffffff;\">Entreprise<\/span><\/p>\n<h2><\/h2>\n<div id=\"tw-source\">\n<div id=\"u4EBdf\" class=\"tw-lang-selector-wrapper\"><span style=\"color: #ffffff;\">Mecolpress est un leader dans la production de presses m\u00e9caniques et hydrauliques depuis des ann\u00e9es et dans les services visant \u00e0 utiliser les technologies de moulage \u00e0 chaud pour la pr\u00e9cision de forme.<\/span><\/div>\n<\/div>\n<\/div>\n<div id=\"bg-triangle\"><\/div>\n<\/div>\n<p>[\/vc_column_text][\/vc_column][\/vc_row][vc_row full_width=\u00a0\u00bbstretch_row_content_no_spaces\u00a0\u00bb css=\u00a0\u00bb.vc_custom_1519831308823{margin-top: 0px !important;margin-bottom: -10px !important;padding-top: 0px !important;padding-bottom: 0px !important;background-color: #f3f5f7 !important;}\u00a0\u00bb][vc_column css=\u00a0\u00bb.vc_custom_1519831339795{margin-top: 0px !important;margin-bottom: 0px !important;padding-top: 0px !important;padding-bottom: 0px !important;}\u00a0\u00bb][vc_row_inner][vc_column_inner offset=\u00a0\u00bbvc_hidden-md vc_hidden-sm vc_hidden-xs\u00a0\u00bb][vc_single_image image=\u00a0\u00bb646&Prime; img_size=\u00a0\u00bbfull\u00a0\u00bb alignment=\u00a0\u00bbcenter\u00a0\u00bb onclick=\u00a0\u00bbcustom_link\u00a0\u00bb link=\u00a0\u00bb#\u00a0\u00bb el_class=\u00a0\u00bbcustom-video popmake-655&Prime; css=\u00a0\u00bb.vc_custom_1522022448510{margin-top: -349px !important;}\u00a0\u00bb][\/vc_column_inner][\/vc_row_inner][vc_row_inner css=\u00a0\u00bb.vc_custom_1522023070072{margin-top: -200px !important;padding-top: 0px !important;}\u00a0\u00bb][vc_column_inner offset=\u00a0\u00bbvc_hidden-lg\u00a0\u00bb css=\u00a0\u00bb.vc_custom_1522023277992{margin-top: 0px !important;padding-right: 50px !important;padding-left: 50px !important;}\u00a0\u00bb][vc_single_image image=\u00a0\u00bb646&Prime; img_size=\u00a0\u00bbfull\u00a0\u00bb alignment=\u00a0\u00bbcenter\u00a0\u00bb onclick=\u00a0\u00bbcustom_link\u00a0\u00bb link=\u00a0\u00bb#\u00a0\u00bb el_class=\u00a0\u00bbcustom-video popmake-655&Prime; css=\u00a0\u00bb.vc_custom_1522022550047{margin-top: 0px !important;padding-top: 0px !important;}\u00a0\u00bb][\/vc_column_inner][\/vc_row_inner][\/vc_column][\/vc_row][vc_section full_width=\u00a0\u00bbstretch_row\u00a0\u00bb css=\u00a0\u00bb.vc_custom_1519826856670{background-color: #f3f5f7 !important;}\u00a0\u00bb][vc_row][vc_column]<h2 class='heading-middle  divider-sm' ><span> Nos chiffres<\/span><\/h2>[vc_empty_space][\/vc_column][\/vc_row][vc_row gap=\u00a0\u00bb15&Prime;][vc_column width=\u00a0\u00bb1\/4&Prime; css=\u00a0\u00bb.vc_custom_1519831373862{background-color: #ffffff !important;}\u00a0\u00bb]<div class='counter-wrap' id='anps-counter-1'>\n                    <h2 class='title'><span class='text-center counter-number' data-time='5000' data-to='1950'>0<\/span><\/h2>\n                    <h4 class='text-center'>Machines fabriqu\u00e9es <\/h4>\n                <\/div><style>#anps-counter-1 .title:after {background-color: #dd3333;} #anps-counter-1 .title span {color: #dd3333;}#anps-counter-1 .title:before {background-color: rgba(255,255,255,0.01);}<\/style>[vc_empty_space][\/vc_column][vc_column width=\u00a0\u00bb1\/4&Prime; css=\u00a0\u00bb.vc_custom_1519831381456{background-color: #ffffff !important;}\u00a0\u00bb]<div class='counter-wrap' id='anps-counter-2'>\n                    <h2 class='title'><span class='text-center counter-number' data-time='5000' data-to='420'>0<\/span><\/h2>\n                    <h4 class='text-center'>Clients actifs<\/h4>\n                <\/div><style>#anps-counter-2 .title:after {background-color: #dd3333;} #anps-counter-2 .title span {color: #dd3333;}#anps-counter-2 .title:before {background-color: rgba(255,255,255,0.01);}<\/style>[vc_empty_space][\/vc_column][vc_column width=\u00a0\u00bb1\/4&Prime; css=\u00a0\u00bb.vc_custom_1519831392572{background-color: #ffffff !important;}\u00a0\u00bb]<div class='counter-wrap' id='anps-counter-3'>\n                    <h2 class='title'><span class='text-center counter-number' data-time='5000' data-to='58'>0<\/span><\/h2>\n                    <h4 class='text-center'>Pays clients <\/h4>\n                <\/div><style>#anps-counter-3 .title:after {background-color: #dd3333;} #anps-counter-3 .title span {color: #dd3333;}#anps-counter-3 .title:before {background-color: rgba(255,255,255,0.01);}<\/style>[vc_empty_space][\/vc_column][vc_column width=\u00a0\u00bb1\/4&Prime; css=\u00a0\u00bb.vc_custom_1519831400491{background-color: #ffffff !important;}\u00a0\u00bb]<div class='counter-wrap' id='anps-counter-4'>\n                    <h2 class='title'><span class='text-center counter-number' data-time='5000' data-to='30000'>0<\/span><\/h2>\n                    <h4 class='text-center'>M\u00e8tre carr\u00e9s<\/h4>\n                <\/div><style>#anps-counter-4 .title:after {background-color: #dd3333;} #anps-counter-4 .title span {color: #dd3333;}#anps-counter-4 .title:before {background-color: rgba(255,255,255,0.01);}<\/style>[vc_empty_space][\/vc_column][\/vc_row][vc_row][vc_column][vc_empty_space height=\u00a0\u00bb64px\u00a0\u00bb][\/vc_column][\/vc_row][\/vc_section][vc_section][vc_row][vc_column]<h2 class='heading-middle  divider-sm' ><span>Photo Gallery<\/span><\/h2>[\/vc_column][\/vc_row][vc_row][vc_column][vc_raw_html]JTNDZGl2JTIwY2xhc3MlM0QlMjJib3gtbGlnaHQlMjIlM0UlM0NhJTIwaHJlZiUzRCUyMiUyMyUyMiUyMGRhdGEtZmVhdGhlcmxpZ2h0JTNEJTIyJTJGd3AtY29udGVudCUyRnVwbG9hZHMlMkYyMDE4JTJGMDYlMkZsYV9zZWRlX01lY29scHJlc3MuanBnJTIyJTIwY2xhc3MlM0QlMjJnYWxsZXJ5JTIyJTNFJTNDZGl2JTIwY2xhc3MlM0QlMjJpbWctbGlnaHQlMjIlMjBzdHlsZSUzRCUyMmJhY2tncm91bmQtaW1hZ2UlM0ElMjB1cmwlMjglMjclMkZ3cC1jb250ZW50JTJGdXBsb2FkcyUyRjIwMTglMkYwNiUyRmxhX3NlZGVfTWVjb2xwcmVzcy5qcGclMjclMjklM0IlMjIlM0UlM0MlMkZkaXYlM0UlM0MlMkZhJTNFJTNDYSUyMGhyZWYlM0QlMjIlMjMlMjIlMjBkYXRhLWZlYXRoZXJsaWdodCUzRCUyMiUyRndwLWNvbnRlbnQlMkZ1cGxvYWRzJTJGMjAxOCUyRjA2JTJGdWZmaWNpX01lY29scHJlc3MuanBnJTIyJTIwY2xhc3MlM0QlMjJnYWxsZXJ5JTIyJTNFJTNDZGl2JTIwY2xhc3MlM0QlMjJpbWctbGlnaHQlMjIlMjBzdHlsZSUzRCUyMmJhY2tncm91bmQtaW1hZ2UlM0ElMjB1cmwlMjglMjclMkZ3cC1jb250ZW50JTJGdXBsb2FkcyUyRjIwMTglMkYwNiUyRnVmZmljaV9NZWNvbHByZXNzLmpwZyUyNyUyOSUzQiUyMiUzRSUzQyUyRmRpdiUzRSUzQyUyRmElM0UlM0NhJTIwaHJlZiUzRCUyMiUyMyUyMiUyMGRhdGEtZmVhdGhlcmxpZ2h0JTNEJTIyJTJGd3AtY29udGVudCUyRnVwbG9hZHMlMkYyMDE4JTJGMDYlMkZlbmdpbmVlcmluZ19NZWNvbHByZXNzLmpwZyUyMiUyMGNsYXNzJTNEJTIyZ2FsbGVyeSUyMiUzRSUzQ2RpdiUyMGNsYXNzJTNEJTIyaW1nLWxpZ2h0JTIyJTIwc3R5bGUlM0QlMjJiYWNrZ3JvdW5kLWltYWdlJTNBJTIwdXJsJTI4JTI3JTJGd3AtY29udGVudCUyRnVwbG9hZHMlMkYyMDE4JTJGMDYlMkZlbmdpbmVlcmluZ19NZWNvbHByZXNzLmpwZyUyNyUyOSUzQiUyMiUzRSUzQyUyRmRpdiUzRSUzQyUyRmElM0UlM0NhJTIwaHJlZiUzRCUyMiUyMyUyMiUyMGRhdGEtZmVhdGhlcmxpZ2h0JTNEJTIyJTJGd3AtY29udGVudCUyRnVwbG9hZHMlMkYyMDE4JTJGMDYlMkZwcm9kdXppb25lX01lY29scHJlc3MuanBnJTIyJTIwY2xhc3MlM0QlMjJnYWxsZXJ5JTIyJTNFJTNDZGl2JTIwY2xhc3MlM0QlMjJpbWctbGlnaHQlMjIlMjBzdHlsZSUzRCUyMmJhY2tncm91bmQtaW1hZ2UlM0ElMjB1cmwlMjglMjclMkZ3cC1jb250ZW50JTJGdXBsb2FkcyUyRjIwMTglMkYwNiUyRnByb2R1emlvbmVfTWVjb2xwcmVzcy5qcGclMjclMjklM0IlMjIlM0UlM0MlMkZkaXYlM0UlM0MlMkZhJTNFJTNDJTJGZGl2JTNF[\/vc_raw_html][\/vc_column][\/vc_row][\/vc_section][vc_section full_width=\u00a0\u00bbstretch_row\u00a0\u00bb css=\u00a0\u00bb.vc_custom_1527672599745{margin-top: 32px !important;margin-bottom: 0px !important;padding-top: 0px !important;padding-bottom: 0px !important;background-color: #e41b21 !important;}\u00a0\u00bb el_class=\u00a0\u00bbbefore-footer\u00a0\u00bb][vc_row][vc_column][vc_raw_html]JTNDc2VjdGlvbiUyMGRhdGEtdmMtZnVsbC13aWR0aCUzRCUyMnRydWUlMjIlMjBkYXRhLXZjLWZ1bGwtd2lkdGgtaW5pdCUzRCUyMnRydWUlMjIlMjBjbGFzcyUzRCUyMnZjX3NlY3Rpb24lMjBiZWZvcmUtZm9vdGVyJTIwdmNfY3VzdG9tXzE1Mjc2NjcxODQwMjklMjB2Y19zZWN0aW9uLWhhcy1maWxsJTIyJTNFJTBBJTA5JTNDYnIlMkYlM0UlM0NkaXYlMjBjbGFzcyUzRCUyMmJveC1sZWZ0JTIyJTNFJTBBJTA5JTA5JTNDZGl2JTIwY2xhc3MlM0QlMjJpY29uLW1lZGlhJTIyJTIwZGF0YS1zdHlsZSUzRCUyMndpZHRoJTNBJTIwNDhweCUzQiUyMiUyMHN0eWxlJTNEJTIyZm9udC1zaXplJTNBJTIwNDhweCUzQiUyMiUzRSUwQSUwOSUwOSUwOSUzQ2klMjBjbGFzcyUzRCUyMmZhJTIwZmElMjBmYS1tb2JpbGUlMjIlM0UlM0MlMkZpJTNFJTBBJTA5JTA5JTNDJTJGZGl2JTNFJTBBJTA5JTA5JTNDZGl2JTIwY2xhc3MlM0QlMjJ0ZXh0LXNpZGUtaWNvbiUyMiUzRSUwQSUwOSUwOSUwOSUzQ2gzJTIwY2xhc3MlM0QlMjJpY29uLXRpdGxlJTIwdGV4dC11cHBlcmNhc2UlMjIlM0VDb250YWN0JTNDJTJGaDMlM0UlMEElMDklMDklMDklM0NwJTNFRW4lMjBzYXZvaXIlMjBwbHVzJTNDJTJGcCUzRSUwOSUwOSUwOSUwOSUwQSUwOSUwOSUzQyUyRmRpdiUzRSUwOSUwQSUwOSUwOSUzQ2RpdiUyMGNsYXNzJTNEJTIyd3BiX3dyYXBwZXIlMjIlM0UlMEElMDklMDklMDklM0NhJTIwaHJlZiUzRCUyMnRlbCUzQSUyQjM5MDMwMjU2MDExMCUyMiUzRSUyOCUyQjM5JTI5JTIwMDMwLiUyMDI1LjYwLjExMCUzQyUyRmElM0UlMEElMDklMDklM0MlMkZkaXYlM0UlMEElMDklM0MlMkZkaXYlM0UlMDklMEElMDklM0NkaXYlMjBjbGFzcyUzRCUyMmJveC1yaWdodCUyMiUzRSUwQSUwOSUwOSUzQ2RpdiUyMGNsYXNzJTNEJTIyaWNvbi1tZWRpYSUyMiUyMGRhdGEtc3R5bGUlM0QlMjJ3aWR0aCUzQSUyMDM4cHglM0IlMjIlMjBzdHlsZSUzRCUyMmZvbnQtc2l6ZSUzQSUyMDM4cHglM0IlMjIlM0UlMEElMDklMDklMDklM0NpJTIwY2xhc3MlM0QlMjJmYSUyMGZhJTIwZmEtZW52ZWxvcGUtb3Blbi1vJTIyJTNFJTNDJTJGaSUzRSUwQSUwOSUwOSUzQyUyRmRpdiUzRSUwQSUwOSUwOSUzQ2RpdiUyMGNsYXNzJTNEJTIydGV4dC1zaWRlLWljb24lMjIlM0UlMEElMDklMDklMDklM0NoMyUyMGNsYXNzJTNEJTIyaWNvbi10aXRsZSUyMHRleHQtdXBwZXJjYXNlJTIyJTNFRW52b3llciUyMHVuJTIwZW1haWwlM0MlMkZoMyUzRSUwQSUwOSUwOSUwOSUzQ3AlM0VEZW1hbmRlciUyMGRlcyUyMHBpJUMzJUE4Y2VzJTIwZGUlMjByZWNoYW5nZSUzQyUyRnAlM0UlMDklMDklMDklMDklMEElMDklMDklM0MlMkZkaXYlM0UlMDklMEElMDklMDklM0NkaXYlMjBjbGFzcyUzRCUyMndwYl93cmFwcGVyJTIyJTNFJTBBJTA5JTA5JTA5JTNDYSUyMGhyZWYlM0QlMjJtYWlsdG8lM0FzYWxlcyU0MG1lY29scHJlc3MuY29tJTIyJTNFc2FsZXMlNDBtZWNvbHByZXNzLmNvbSUzQyUyRmElM0UlMEElMDklMDklM0MlMkZkaXYlM0UlMEElMDklM0MlMkZkaXYlM0UlMDklMEElM0MlMkZzZWN0aW9uJTNF[\/vc_raw_html][\/vc_column][\/vc_row][\/vc_section]<\/p>\n","protected":false},"excerpt":{"rendered":"<p>[vc_row][vc_column][vc_empty_space][\/vc_column][\/vc_row][vc_row el_id=\u00a0\u00bbheader-azienda\u00a0\u00bb][vc_column width=\u00a0\u00bb1\/2&Prime;][vc_single_image image=\u00a0\u00bb296&Prime; img_size=\u00a0\u00bbfull\u00a0\u00bb alignment=\u00a0\u00bbcenter\u00a0\u00bb][\/vc_column][vc_column width=\u00a0\u00bb1\/2&Prime; el_class=\u00a0\u00bbazienda-text\u00a0\u00bb][vc_column_text]Mecolpress a \u00e9t\u00e9 fond\u00e9e en 1969 afin de fabriquer des &hellip;<\/p>\n","protected":false},"author":4,"featured_media":0,"parent":0,"menu_order":0,"comment_status":"closed","ping_status":"closed","template":"","meta":{"footnotes":""},"class_list":["post-19052","page","type-page","status-publish","hentry"],"yoast_head":"<!-- This site is optimized with the Yoast SEO Premium plugin v27.5 (Yoast SEO v27.6) - https:\/\/yoast.com\/product\/yoast-seo-premium-wordpress\/ -->\n<title>Mecolpress - Nous produisons des presses \u00e0 emboutir \u00e0 chaud<\/title>\n<meta name=\"description\" content=\"Mecolpress con\u00e7oit et fabrique des presses pour l&#039;estampage \u00e0 chaud d&#039;alliages m\u00e9talliques depuis 1969. Nous exportons dans le monde entier.\" \/>\n<meta name=\"robots\" content=\"index, follow, max-snippet:-1, max-image-preview:large, max-video-preview:-1\" \/>\n<link rel=\"canonical\" href=\"https:\/\/www.mecolpress.com\/fr\/entreprise\/\" \/>\n<meta property=\"og:locale\" content=\"fr_FR\" \/>\n<meta property=\"og:type\" content=\"article\" \/>\n<meta property=\"og:title\" content=\"Entreprise\" \/>\n<meta property=\"og:description\" content=\"Mecolpress con\u00e7oit et fabrique des presses pour l&#039;estampage \u00e0 chaud d&#039;alliages m\u00e9talliques depuis 1969. Nous exportons dans le monde entier.\" \/>\n<meta property=\"og:url\" content=\"https:\/\/www.mecolpress.com\/fr\/entreprise\/\" \/>\n<meta property=\"og:site_name\" content=\"Mecolpress\" \/>\n<meta property=\"article:publisher\" content=\"https:\/\/www.facebook.com\/mecolpress\/\" \/>\n<meta property=\"article:modified_time\" content=\"2019-09-06T19:15:08+00:00\" \/>\n<meta name=\"twitter:card\" content=\"summary_large_image\" \/>\n<meta name=\"twitter:label1\" content=\"Dur\u00e9e de lecture estim\u00e9e\" \/>\n\t<meta name=\"twitter:data1\" content=\"6 minutes\" \/>\n<script type=\"application\/ld+json\" class=\"yoast-schema-graph\">{\"@context\":\"https:\\\/\\\/schema.org\",\"@graph\":[{\"@type\":\"WebPage\",\"@id\":\"https:\\\/\\\/www.mecolpress.com\\\/fr\\\/entreprise\\\/\",\"url\":\"https:\\\/\\\/www.mecolpress.com\\\/fr\\\/entreprise\\\/\",\"name\":\"Mecolpress - Nous produisons des presses \u00e0 emboutir \u00e0 chaud\",\"isPartOf\":{\"@id\":\"https:\\\/\\\/www.mecolpress.com\\\/#website\"},\"datePublished\":\"2018-07-05T12:32:14+00:00\",\"dateModified\":\"2019-09-06T19:15:08+00:00\",\"description\":\"Mecolpress con\u00e7oit et fabrique des presses pour l'estampage \u00e0 chaud d'alliages m\u00e9talliques depuis 1969. Nous exportons dans le monde entier.\",\"breadcrumb\":{\"@id\":\"https:\\\/\\\/www.mecolpress.com\\\/fr\\\/entreprise\\\/#breadcrumb\"},\"inLanguage\":\"fr-FR\",\"potentialAction\":[{\"@type\":\"ReadAction\",\"target\":[\"https:\\\/\\\/www.mecolpress.com\\\/fr\\\/entreprise\\\/\"]}]},{\"@type\":\"BreadcrumbList\",\"@id\":\"https:\\\/\\\/www.mecolpress.com\\\/fr\\\/entreprise\\\/#breadcrumb\",\"itemListElement\":[{\"@type\":\"ListItem\",\"position\":1,\"name\":\"Home\",\"item\":\"https:\\\/\\\/www.mecolpress.com\\\/fr\\\/\"},{\"@type\":\"ListItem\",\"position\":2,\"name\":\"Entreprise\"}]},{\"@type\":\"WebSite\",\"@id\":\"https:\\\/\\\/www.mecolpress.com\\\/#website\",\"url\":\"https:\\\/\\\/www.mecolpress.com\\\/\",\"name\":\"Mecolpress\",\"description\":\"La Tecnologia della Forma\",\"publisher\":{\"@id\":\"https:\\\/\\\/www.mecolpress.com\\\/#organization\"},\"potentialAction\":[{\"@type\":\"SearchAction\",\"target\":{\"@type\":\"EntryPoint\",\"urlTemplate\":\"https:\\\/\\\/www.mecolpress.com\\\/?s={search_term_string}\"},\"query-input\":{\"@type\":\"PropertyValueSpecification\",\"valueRequired\":true,\"valueName\":\"search_term_string\"}}],\"inLanguage\":\"fr-FR\"},{\"@type\":\"Organization\",\"@id\":\"https:\\\/\\\/www.mecolpress.com\\\/#organization\",\"name\":\"Mecolpress S.p.a.\",\"url\":\"https:\\\/\\\/www.mecolpress.com\\\/\",\"logo\":{\"@type\":\"ImageObject\",\"inLanguage\":\"fr-FR\",\"@id\":\"https:\\\/\\\/www.mecolpress.com\\\/#\\\/schema\\\/logo\\\/image\\\/\",\"url\":\"https:\\\/\\\/www.mecolpress.com\\\/wp-content\\\/uploads\\\/2018\\\/11\\\/logo_Mecolpress_RED-Copia.jpg\",\"contentUrl\":\"https:\\\/\\\/www.mecolpress.com\\\/wp-content\\\/uploads\\\/2018\\\/11\\\/logo_Mecolpress_RED-Copia.jpg\",\"width\":853,\"height\":516,\"caption\":\"Mecolpress S.p.a.\"},\"image\":{\"@id\":\"https:\\\/\\\/www.mecolpress.com\\\/#\\\/schema\\\/logo\\\/image\\\/\"},\"sameAs\":[\"https:\\\/\\\/www.facebook.com\\\/mecolpress\\\/\",\"https:\\\/\\\/www.instagram.com\\\/mecolpress\",\"https:\\\/\\\/www.linkedin.com\\\/company\\\/mecolpress-s.p.a.\",\"https:\\\/\\\/www.youtube.com\\\/user\\\/mecolpressvideo\"]}]}<\/script>\n<!-- \/ Yoast SEO Premium plugin. -->","yoast_head_json":{"title":"Mecolpress - Nous produisons des presses \u00e0 emboutir \u00e0 chaud","description":"Mecolpress con\u00e7oit et fabrique des presses pour l'estampage \u00e0 chaud d'alliages m\u00e9talliques depuis 1969. Nous exportons dans le monde entier.","robots":{"index":"index","follow":"follow","max-snippet":"max-snippet:-1","max-image-preview":"max-image-preview:large","max-video-preview":"max-video-preview:-1"},"canonical":"https:\/\/www.mecolpress.com\/fr\/entreprise\/","og_locale":"fr_FR","og_type":"article","og_title":"Entreprise","og_description":"Mecolpress con\u00e7oit et fabrique des presses pour l'estampage \u00e0 chaud d'alliages m\u00e9talliques depuis 1969. Nous exportons dans le monde entier.","og_url":"https:\/\/www.mecolpress.com\/fr\/entreprise\/","og_site_name":"Mecolpress","article_publisher":"https:\/\/www.facebook.com\/mecolpress\/","article_modified_time":"2019-09-06T19:15:08+00:00","twitter_card":"summary_large_image","twitter_misc":{"Dur\u00e9e de lecture estim\u00e9e":"6 minutes"},"schema":{"@context":"https:\/\/schema.org","@graph":[{"@type":"WebPage","@id":"https:\/\/www.mecolpress.com\/fr\/entreprise\/","url":"https:\/\/www.mecolpress.com\/fr\/entreprise\/","name":"Mecolpress - Nous produisons des presses \u00e0 emboutir \u00e0 chaud","isPartOf":{"@id":"https:\/\/www.mecolpress.com\/#website"},"datePublished":"2018-07-05T12:32:14+00:00","dateModified":"2019-09-06T19:15:08+00:00","description":"Mecolpress con\u00e7oit et fabrique des presses pour l'estampage \u00e0 chaud d'alliages m\u00e9talliques depuis 1969. Nous exportons dans le monde entier.","breadcrumb":{"@id":"https:\/\/www.mecolpress.com\/fr\/entreprise\/#breadcrumb"},"inLanguage":"fr-FR","potentialAction":[{"@type":"ReadAction","target":["https:\/\/www.mecolpress.com\/fr\/entreprise\/"]}]},{"@type":"BreadcrumbList","@id":"https:\/\/www.mecolpress.com\/fr\/entreprise\/#breadcrumb","itemListElement":[{"@type":"ListItem","position":1,"name":"Home","item":"https:\/\/www.mecolpress.com\/fr\/"},{"@type":"ListItem","position":2,"name":"Entreprise"}]},{"@type":"WebSite","@id":"https:\/\/www.mecolpress.com\/#website","url":"https:\/\/www.mecolpress.com\/","name":"Mecolpress","description":"La Tecnologia della Forma","publisher":{"@id":"https:\/\/www.mecolpress.com\/#organization"},"potentialAction":[{"@type":"SearchAction","target":{"@type":"EntryPoint","urlTemplate":"https:\/\/www.mecolpress.com\/?s={search_term_string}"},"query-input":{"@type":"PropertyValueSpecification","valueRequired":true,"valueName":"search_term_string"}}],"inLanguage":"fr-FR"},{"@type":"Organization","@id":"https:\/\/www.mecolpress.com\/#organization","name":"Mecolpress S.p.a.","url":"https:\/\/www.mecolpress.com\/","logo":{"@type":"ImageObject","inLanguage":"fr-FR","@id":"https:\/\/www.mecolpress.com\/#\/schema\/logo\/image\/","url":"https:\/\/www.mecolpress.com\/wp-content\/uploads\/2018\/11\/logo_Mecolpress_RED-Copia.jpg","contentUrl":"https:\/\/www.mecolpress.com\/wp-content\/uploads\/2018\/11\/logo_Mecolpress_RED-Copia.jpg","width":853,"height":516,"caption":"Mecolpress S.p.a."},"image":{"@id":"https:\/\/www.mecolpress.com\/#\/schema\/logo\/image\/"},"sameAs":["https:\/\/www.facebook.com\/mecolpress\/","https:\/\/www.instagram.com\/mecolpress","https:\/\/www.linkedin.com\/company\/mecolpress-s.p.a.","https:\/\/www.youtube.com\/user\/mecolpressvideo"]}]}},"jetpack_sharing_enabled":true,"_links":{"self":[{"href":"https:\/\/www.mecolpress.com\/fr\/wp-json\/wp\/v2\/pages\/19052","targetHints":{"allow":["GET"]}}],"collection":[{"href":"https:\/\/www.mecolpress.com\/fr\/wp-json\/wp\/v2\/pages"}],"about":[{"href":"https:\/\/www.mecolpress.com\/fr\/wp-json\/wp\/v2\/types\/page"}],"author":[{"embeddable":true,"href":"https:\/\/www.mecolpress.com\/fr\/wp-json\/wp\/v2\/users\/4"}],"replies":[{"embeddable":true,"href":"https:\/\/www.mecolpress.com\/fr\/wp-json\/wp\/v2\/comments?post=19052"}],"version-history":[{"count":28,"href":"https:\/\/www.mecolpress.com\/fr\/wp-json\/wp\/v2\/pages\/19052\/revisions"}],"predecessor-version":[{"id":23562,"href":"https:\/\/www.mecolpress.com\/fr\/wp-json\/wp\/v2\/pages\/19052\/revisions\/23562"}],"wp:attachment":[{"href":"https:\/\/www.mecolpress.com\/fr\/wp-json\/wp\/v2\/media?parent=19052"}],"curies":[{"name":"wp","href":"https:\/\/api.w.org\/{rel}","templated":true}]}}