{"id":19090,"date":"2018-07-06T11:32:02","date_gmt":"2018-07-06T09:32:02","guid":{"rendered":"https:\/\/www.mecolpress.com\/?page_id=19090"},"modified":"2020-05-21T22:51:40","modified_gmt":"2020-05-21T20:51:40","slug":"materiaux","status":"publish","type":"page","link":"https:\/\/www.mecolpress.com\/fr\/materiaux\/","title":{"rendered":"Mat\u00e9riaux"},"content":{"rendered":"<p>[vc_section][\/vc_section][vc_section full_width=\u00a0\u00bbstretch_row\u00a0\u00bb css=\u00a0\u00bb.vc_custom_1532517346855{margin-top: -60px !important;margin-bottom: 0px !important;padding-top: 64px !important;padding-bottom: 64px !important;}\u00a0\u00bb][vc_row][vc_column][vc_column_text el_class=\u00a0\u00bbheading-subtitle\u00a0\u00bb]Mat\u00e9riaux[\/vc_column_text][\/vc_column][\/vc_row][vc_row gap=\u00a0\u00bb35&Prime;][vc_column width=\u00a0\u00bb1\/2&Prime;]<h2 class='heading-content  style-1' ><span>La technologie de la forme<\/span><\/h2>[vc_empty_space][vc_column_text el_class=\u00a0\u00bbclaim-text\u00a0\u00bb]<span style=\"font-size: 18px;\">Mecolpress est le leader dans la production de presses industrielles pour l\u2019estampage \u00e0 chaud de mat\u00e9riaux tels que <strong>le laiton, l\u2019aluminium,\u00a0<\/strong><\/span><strong style=\"font-size: 18px;\">le titane,\u00a0<\/strong><strong style=\"font-size: 18px;\">le cuivre et l\u2019acier<\/strong><span style=\"font-size: 18px;\">.<\/span>[\/vc_column_text][\/vc_column][vc_column width=\u00a0\u00bb1\/2&Prime;][vc_empty_space height=\u00a0\u00bb20px\u00a0\u00bb][vc_column_text]<span style=\"font-size: 24px;\">Notre d\u00e9partement de Recherche &amp; D\u00e9veloppement vient en aide aux clients pour qu\u2019ils puissent :<\/span><\/p>\n<ul class=\"disc\">\n<li>Conna\u00eetre les m\u00e9thodologies permettant d\u2019optimiser efficacement la production gr\u00e2ce \u00e0 l\u2019estampage \u00e0 chaud des pi\u00e8ces, sans n\u00e9cessit\u00e9 d\u2019op\u00e9rations subs\u00e9quentes\u00a0telles que l\u2019\u00e9limination des bavures ou similaires, et permettant de travailler de mani\u00e8re efficace pour r\u00e9aliser une pi\u00e8ce robuste et parfaite comme sa forme th\u00e9orique ;<\/li>\n<li>Savoir quels sont les mat\u00e9riaux les mieux adapt\u00e9s \u00e0 telle ou telle application mais aussi \u00e9tablir dans quelles conditions les caract\u00e9ristiques des mat\u00e9riaux sont les plus performantes.<\/li>\n<li>Adapter les meilleures techniques de production aux exigences des secteurs industriels sp\u00e9cifiques et aux besoins du pays concern\u00e9, conform\u00e9ment aux lois ou aux usages.<\/li>\n<\/ul>\n<p>[\/vc_column_text][\/vc_column][\/vc_row][\/vc_section][vc_row gap=\u00a0\u00bb35&Prime; css=\u00a0\u00bb.vc_custom_1521984916094{padding-top: 64px !important;padding-bottom: 64px !important;}\u00a0\u00bb][vc_column][vc_row_inner gap=\u00a0\u00bb35&Prime;][vc_column_inner width=\u00a0\u00bb1\/2&Prime;]<h4 class='heading-content  style-1' ><span>Laiton<\/span><\/h4>[vc_column_text]<span style=\"font-size: 18px;\">Depuis toujours, nous sommes en premi\u00e8re ligne pour d\u00e9velopper de nouveaux processus d\u2019estampage \u00e0 chaud de composants en laiton sans bavure.<\/span>[\/vc_column_text][\/vc_column_inner][vc_column_inner width=\u00a0\u00bb1\/2&Prime;][\/vc_column_inner][\/vc_row_inner][\/vc_column][\/vc_row][vc_section full_width=\u00a0\u00bbstretch_row_content\u00a0\u00bb css=\u00a0\u00bb.vc_custom_1521984247114{margin-top: 0px !important;margin-right: 0px !important;margin-bottom: 0px !important;margin-left: 0px !important;border-top-width: 0px !important;border-right-width: 0px !important;border-bottom-width: 0px !important;border-left-width: 0px !important;padding-top: 0px !important;padding-right: 0px !important;padding-bottom: 0px !important;padding-left: 0px !important;}\u00a0\u00bb][vc_row full_width=\u00a0\u00bbstretch_row_content_no_spaces\u00a0\u00bb][vc_column][rev_slider_vc alias=\u00a0\u00bbmateriali-aluminio-1&Prime;][\/vc_column][\/vc_row][\/vc_section][vc_section][vc_row gap=\u00a0\u00bb35&Prime; css=\u00a0\u00bb.vc_custom_1522003869625{padding-top: 64px !important;padding-bottom: 64px !important;}\u00a0\u00bb][vc_column][vc_row_inner gap=\u00a0\u00bb35&Prime;][vc_column_inner width=\u00a0\u00bb1\/2&Prime;]<h4 class='heading-content  style-1' ><span>Aluminium<\/span><\/h4>[vc_column_text]<span style=\"font-size: 18px;\">Des presses et des solutions innovantes pour l\u2019estampage \u00e0 chaud de composants en diff\u00e9rents alliages d\u2019aluminium.<\/span>[\/vc_column_text][\/vc_column_inner][vc_column_inner width=\u00a0\u00bb1\/2&Prime;][\/vc_column_inner][\/vc_row_inner][\/vc_column][\/vc_row][\/vc_section][vc_section full_width=\u00a0\u00bbstretch_row_content\u00a0\u00bb css=\u00a0\u00bb.vc_custom_1521984247114{margin-top: 0px !important;margin-right: 0px !important;margin-bottom: 0px !important;margin-left: 0px !important;border-top-width: 0px !important;border-right-width: 0px !important;border-bottom-width: 0px !important;border-left-width: 0px !important;padding-top: 0px !important;padding-right: 0px !important;padding-bottom: 0px !important;padding-left: 0px !important;}\u00a0\u00bb][vc_row full_width=\u00a0\u00bbstretch_row_content_no_spaces\u00a0\u00bb][vc_column][rev_slider_vc alias=\u00a0\u00bbmateriali-aluminio\u00a0\u00bb][\/vc_column][\/vc_row][\/vc_section][vc_section][vc_row gap=\u00a0\u00bb35&Prime; css=\u00a0\u00bb.vc_custom_1521984916094{padding-top: 64px !important;padding-bottom: 64px !important;}\u00a0\u00bb][vc_column][vc_row_inner gap=\u00a0\u00bb35&Prime;][vc_column_inner width=\u00a0\u00bb1\/2&Prime;]<h4 class='heading-content  style-1' ><span>Titane<\/span><\/h4>[vc_column_text]<span style=\"font-size: 18px;\">Des solutions pour l\u2019estampage de composants con\u00e7us pour le secteur biom\u00e9dical et d\u2019autres secteurs sp\u00e9ciaux.<\/span>[\/vc_column_text][\/vc_column_inner][vc_column_inner width=\u00a0\u00bb1\/2&Prime;][\/vc_column_inner][\/vc_row_inner][\/vc_column][\/vc_row][\/vc_section][vc_section full_width=\u00a0\u00bbstretch_row_content\u00a0\u00bb css=\u00a0\u00bb.vc_custom_1521984247114{margin-top: 0px !important;margin-right: 0px !important;margin-bottom: 0px !important;margin-left: 0px !important;border-top-width: 0px !important;border-right-width: 0px !important;border-bottom-width: 0px !important;border-left-width: 0px !important;padding-top: 0px !important;padding-right: 0px !important;padding-bottom: 0px !important;padding-left: 0px !important;}\u00a0\u00bb][vc_row full_width=\u00a0\u00bbstretch_row_content_no_spaces\u00a0\u00bb][vc_column][rev_slider_vc alias=\u00a0\u00bbmateriali-titanio\u00a0\u00bb][\/vc_column][\/vc_row][\/vc_section][vc_section][vc_row gap=\u00a0\u00bb35&Prime; css=\u00a0\u00bb.vc_custom_1521984916094{padding-top: 64px !important;padding-bottom: 64px !important;}\u00a0\u00bb][vc_column][vc_row_inner gap=\u00a0\u00bb35&Prime;][vc_column_inner width=\u00a0\u00bb1\/2&Prime;]<h4 class='heading-content  style-1' ><span>Cuivre<\/span><\/h4>[vc_column_text]<span style=\"font-size: 18px;\">Des solutions pour l\u2019estampage \u00e0 froid\/chaud de composants en cuivre utilis\u00e9s dans les secteurs requ\u00e9rant une conductivit\u00e9 \u00e9lectrique et thermique \u00e9lev\u00e9e.<\/span>[\/vc_column_text][\/vc_column_inner][vc_column_inner width=\u00a0\u00bb1\/2&Prime;][\/vc_column_inner][\/vc_row_inner][\/vc_column][\/vc_row][\/vc_section][vc_section full_width=\u00a0\u00bbstretch_row_content\u00a0\u00bb css=\u00a0\u00bb.vc_custom_1521984247114{margin-top: 0px !important;margin-right: 0px !important;margin-bottom: 0px !important;margin-left: 0px !important;border-top-width: 0px !important;border-right-width: 0px !important;border-bottom-width: 0px !important;border-left-width: 0px !important;padding-top: 0px !important;padding-right: 0px !important;padding-bottom: 0px !important;padding-left: 0px !important;}\u00a0\u00bb][vc_row full_width=\u00a0\u00bbstretch_row_content_no_spaces\u00a0\u00bb][vc_column][rev_slider_vc alias=\u00a0\u00bbmateriali-rame\u00a0\u00bb][\/vc_column][\/vc_row][\/vc_section][vc_section][vc_row gap=\u00a0\u00bb35&Prime; css=\u00a0\u00bb.vc_custom_1521984916094{padding-top: 64px !important;padding-bottom: 64px !important;}\u00a0\u00bb][vc_column][vc_row_inner gap=\u00a0\u00bb35&Prime;][vc_column_inner width=\u00a0\u00bb1\/2&Prime;]<h4 class='heading-content  style-1' ><span>Acier<\/span><\/h4>[vc_column_text]<span style=\"font-size: 18px;\">L\u2019innovation dans l\u2019estampage \u00e0 chaud traditionnel vise \u00e0 produire des composants en acier \u00e0 travers un processus polyvalent, de qualit\u00e9 \u00e9lev\u00e9e et plus avantageux.<\/span>[\/vc_column_text][\/vc_column_inner][vc_column_inner width=\u00a0\u00bb1\/2&Prime;][\/vc_column_inner][\/vc_row_inner][\/vc_column][\/vc_row][\/vc_section][vc_section full_width=\u00a0\u00bbstretch_row_content\u00a0\u00bb css=\u00a0\u00bb.vc_custom_1522003674560{margin-top: 0px !important;margin-right: 0px !important;margin-bottom: -36px !important;margin-left: 0px !important;border-top-width: 0px !important;border-right-width: 0px !important;border-bottom-width: 0px !important;border-left-width: 0px !important;padding-top: 0px !important;padding-right: 0px !important;padding-bottom: 0px !important;padding-left: 0px !important;}\u00a0\u00bb][vc_row full_width=\u00a0\u00bbstretch_row_content_no_spaces\u00a0\u00bb][vc_column][rev_slider_vc alias=\u00a0\u00bbmateriali-acciaio\u00a0\u00bb][\/vc_column][\/vc_row][\/vc_section][vc_section full_width=\u00a0\u00bbstretch_row\u00a0\u00bb css=\u00a0\u00bb.vc_custom_1527673840310{margin-top: 0px !important;margin-bottom: 0px !important;padding-top: 0px !important;padding-bottom: 0px !important;background-color: #e41b21 !important;}\u00a0\u00bb el_class=\u00a0\u00bbbefore-footer\u00a0\u00bb][vc_row][vc_column][vc_raw_html]JTNDc2VjdGlvbiUyMGRhdGEtdmMtZnVsbC13aWR0aCUzRCUyMnRydWUlMjIlMjBkYXRhLXZjLWZ1bGwtd2lkdGgtaW5pdCUzRCUyMnRydWUlMjIlMjBjbGFzcyUzRCUyMnZjX3NlY3Rpb24lMjBiZWZvcmUtZm9vdGVyJTIwdmNfY3VzdG9tXzE1Mjc2NjcxODQwMjklMjB2Y19zZWN0aW9uLWhhcy1maWxsJTIyJTNFJTBBJTA5JTNDYnIlMkYlM0UlM0NkaXYlMjBjbGFzcyUzRCUyMmJveC1sZWZ0JTIyJTNFJTBBJTA5JTA5JTNDZGl2JTIwY2xhc3MlM0QlMjJpY29uLW1lZGlhJTIyJTIwZGF0YS1zdHlsZSUzRCUyMndpZHRoJTNBJTIwNDhweCUzQiUyMiUyMHN0eWxlJTNEJTIyZm9udC1zaXplJTNBJTIwNDhweCUzQiUyMiUzRSUwQSUwOSUwOSUwOSUzQ2klMjBjbGFzcyUzRCUyMmZhJTIwZmElMjBmYS1tb2JpbGUlMjIlM0UlM0MlMkZpJTNFJTBBJTA5JTA5JTNDJTJGZGl2JTNFJTBBJTA5JTA5JTNDZGl2JTIwY2xhc3MlM0QlMjJ0ZXh0LXNpZGUtaWNvbiUyMiUzRSUwQSUwOSUwOSUwOSUzQ2gzJTIwY2xhc3MlM0QlMjJpY29uLXRpdGxlJTIwdGV4dC11cHBlcmNhc2UlMjIlM0VDb250YWN0JTNDJTJGaDMlM0UlMEElMDklMDklMDklM0NwJTNFRW4lMjBzYXZvaXIlMjBwbHVzJTNDJTJGcCUzRSUwOSUwOSUwOSUwOSUwQSUwOSUwOSUzQyUyRmRpdiUzRSUwOSUwQSUwOSUwOSUzQ2RpdiUyMGNsYXNzJTNEJTIyd3BiX3dyYXBwZXIlMjIlM0UlMEElMDklMDklMDklM0NhJTIwaHJlZiUzRCUyMnRlbCUzQSUyQjM5MDMwMjU2MDExMCUyMiUzRSUyOCUyQjM5JTI5JTIwMDMwLiUyMDI1LjYwLjExMCUzQyUyRmElM0UlMEElMDklMDklM0MlMkZkaXYlM0UlMEElMDklM0MlMkZkaXYlM0UlMDklMEElMDklM0NkaXYlMjBjbGFzcyUzRCUyMmJveC1yaWdodCUyMiUzRSUwQSUwOSUwOSUzQ2RpdiUyMGNsYXNzJTNEJTIyaWNvbi1tZWRpYSUyMiUyMGRhdGEtc3R5bGUlM0QlMjJ3aWR0aCUzQSUyMDM4cHglM0IlMjIlMjBzdHlsZSUzRCUyMmZvbnQtc2l6ZSUzQSUyMDM4cHglM0IlMjIlM0UlMEElMDklMDklMDklM0NpJTIwY2xhc3MlM0QlMjJmYSUyMGZhJTIwZmEtZW52ZWxvcGUtb3Blbi1vJTIyJTNFJTNDJTJGaSUzRSUwQSUwOSUwOSUzQyUyRmRpdiUzRSUwQSUwOSUwOSUzQ2RpdiUyMGNsYXNzJTNEJTIydGV4dC1zaWRlLWljb24lMjIlM0UlMEElMDklMDklMDklM0NoMyUyMGNsYXNzJTNEJTIyaWNvbi10aXRsZSUyMHRleHQtdXBwZXJjYXNlJTIyJTNFRW52b3llciUyMHVuJTIwZW1haWwlM0MlMkZoMyUzRSUwQSUwOSUwOSUwOSUzQ3AlM0VEZW1hbmRlciUyMGRlcyUyMHBpJUMzJUE4Y2VzJTIwZGUlMjByZWNoYW5nZSUzQyUyRnAlM0UlMDklMDklMDklMDklMEElMDklMDklM0MlMkZkaXYlM0UlMDklMEElMDklMDklM0NkaXYlMjBjbGFzcyUzRCUyMndwYl93cmFwcGVyJTIyJTNFJTBBJTA5JTA5JTA5JTNDYSUyMGhyZWYlM0QlMjJtYWlsdG8lM0FzYWxlcyU0MG1lY29scHJlc3MuY29tJTIyJTNFc2FsZXMlNDBtZWNvbHByZXNzLmNvbSUzQyUyRmElM0UlMEElMDklMDklM0MlMkZkaXYlM0UlMEElMDklM0MlMkZkaXYlM0UlMDklMEElM0MlMkZzZWN0aW9uJTNF[\/vc_raw_html][\/vc_column][\/vc_row][\/vc_section]<\/p>\n","protected":false},"excerpt":{"rendered":"<p>[vc_section][\/vc_section][vc_section full_width=\u00a0\u00bbstretch_row\u00a0\u00bb css=\u00a0\u00bb.vc_custom_1532517346855{margin-top: -60px !important;margin-bottom: 0px !important;padding-top: 64px !important;padding-bottom: 64px !important;}\u00a0\u00bb][vc_row][vc_column][vc_column_text el_class=\u00a0\u00bbheading-subtitle\u00a0\u00bb]Mat\u00e9riaux[\/vc_column_text][\/vc_column][\/vc_row][vc_row gap=\u00a0\u00bb35&Prime;][vc_column width=\u00a0\u00bb1\/2&Prime;][vc_empty_space][vc_column_text el_class=\u00a0\u00bbclaim-text\u00a0\u00bb]Mecolpress est le &hellip;<\/p>\n","protected":false},"author":4,"featured_media":0,"parent":0,"menu_order":0,"comment_status":"closed","ping_status":"closed","template":"","meta":{"footnotes":""},"class_list":["post-19090","page","type-page","status-publish","hentry"],"yoast_head":"<!-- This site is optimized with the Yoast SEO Premium plugin v27.5 (Yoast SEO v27.5) - https:\/\/yoast.com\/product\/yoast-seo-premium-wordpress\/ -->\n<title>Mat\u00e9riaux estamp\u00e9s avec des presses d&#039;estampage \u00e0 chaud<\/title>\n<meta name=\"description\" content=\"Mecolpress est le leader dans la production de presses pour l\u2019estampage \u00e0 chaud de mat\u00e9riaux tels que le laiton,le titane,l\u2019aluminium,le cuivre et l\u2019acier.\" \/>\n<meta name=\"robots\" content=\"index, follow, max-snippet:-1, max-image-preview:large, max-video-preview:-1\" \/>\n<link rel=\"canonical\" href=\"https:\/\/www.mecolpress.com\/fr\/materiaux\/\" \/>\n<meta property=\"og:locale\" content=\"fr_FR\" \/>\n<meta property=\"og:type\" content=\"article\" \/>\n<meta property=\"og:title\" content=\"Mat\u00e9riaux\" \/>\n<meta property=\"og:description\" content=\"Mecolpress est le leader dans la production de presses pour l\u2019estampage \u00e0 chaud de mat\u00e9riaux tels que le laiton,le titane,l\u2019aluminium,le cuivre et l\u2019acier.\" \/>\n<meta property=\"og:url\" content=\"https:\/\/www.mecolpress.com\/fr\/materiaux\/\" \/>\n<meta property=\"og:site_name\" content=\"Mecolpress\" \/>\n<meta property=\"article:publisher\" content=\"https:\/\/www.facebook.com\/mecolpress\/\" \/>\n<meta property=\"article:modified_time\" content=\"2020-05-21T20:51:40+00:00\" \/>\n<meta name=\"twitter:card\" content=\"summary_large_image\" \/>\n<meta name=\"twitter:label1\" content=\"Dur\u00e9e de lecture estim\u00e9e\" \/>\n\t<meta name=\"twitter:data1\" content=\"6 minutes\" \/>\n<script type=\"application\/ld+json\" class=\"yoast-schema-graph\">{\"@context\":\"https:\\\/\\\/schema.org\",\"@graph\":[{\"@type\":\"WebPage\",\"@id\":\"https:\\\/\\\/www.mecolpress.com\\\/fr\\\/materiaux\\\/\",\"url\":\"https:\\\/\\\/www.mecolpress.com\\\/fr\\\/materiaux\\\/\",\"name\":\"Mat\u00e9riaux estamp\u00e9s avec des presses d'estampage \u00e0 chaud\",\"isPartOf\":{\"@id\":\"https:\\\/\\\/www.mecolpress.com\\\/#website\"},\"datePublished\":\"2018-07-06T09:32:02+00:00\",\"dateModified\":\"2020-05-21T20:51:40+00:00\",\"description\":\"Mecolpress est le leader dans la production de presses pour l\u2019estampage \u00e0 chaud de mat\u00e9riaux tels que le laiton,le titane,l\u2019aluminium,le cuivre et l\u2019acier.\",\"breadcrumb\":{\"@id\":\"https:\\\/\\\/www.mecolpress.com\\\/fr\\\/materiaux\\\/#breadcrumb\"},\"inLanguage\":\"fr-FR\",\"potentialAction\":[{\"@type\":\"ReadAction\",\"target\":[\"https:\\\/\\\/www.mecolpress.com\\\/fr\\\/materiaux\\\/\"]}]},{\"@type\":\"BreadcrumbList\",\"@id\":\"https:\\\/\\\/www.mecolpress.com\\\/fr\\\/materiaux\\\/#breadcrumb\",\"itemListElement\":[{\"@type\":\"ListItem\",\"position\":1,\"name\":\"Home\",\"item\":\"https:\\\/\\\/www.mecolpress.com\\\/fr\\\/\"},{\"@type\":\"ListItem\",\"position\":2,\"name\":\"Mat\u00e9riaux\"}]},{\"@type\":\"WebSite\",\"@id\":\"https:\\\/\\\/www.mecolpress.com\\\/#website\",\"url\":\"https:\\\/\\\/www.mecolpress.com\\\/\",\"name\":\"Mecolpress\",\"description\":\"La Tecnologia della Forma\",\"publisher\":{\"@id\":\"https:\\\/\\\/www.mecolpress.com\\\/#organization\"},\"potentialAction\":[{\"@type\":\"SearchAction\",\"target\":{\"@type\":\"EntryPoint\",\"urlTemplate\":\"https:\\\/\\\/www.mecolpress.com\\\/?s={search_term_string}\"},\"query-input\":{\"@type\":\"PropertyValueSpecification\",\"valueRequired\":true,\"valueName\":\"search_term_string\"}}],\"inLanguage\":\"fr-FR\"},{\"@type\":\"Organization\",\"@id\":\"https:\\\/\\\/www.mecolpress.com\\\/#organization\",\"name\":\"Mecolpress S.p.a.\",\"url\":\"https:\\\/\\\/www.mecolpress.com\\\/\",\"logo\":{\"@type\":\"ImageObject\",\"inLanguage\":\"fr-FR\",\"@id\":\"https:\\\/\\\/www.mecolpress.com\\\/#\\\/schema\\\/logo\\\/image\\\/\",\"url\":\"https:\\\/\\\/www.mecolpress.com\\\/wp-content\\\/uploads\\\/2018\\\/11\\\/logo_Mecolpress_RED-Copia.jpg\",\"contentUrl\":\"https:\\\/\\\/www.mecolpress.com\\\/wp-content\\\/uploads\\\/2018\\\/11\\\/logo_Mecolpress_RED-Copia.jpg\",\"width\":853,\"height\":516,\"caption\":\"Mecolpress S.p.a.\"},\"image\":{\"@id\":\"https:\\\/\\\/www.mecolpress.com\\\/#\\\/schema\\\/logo\\\/image\\\/\"},\"sameAs\":[\"https:\\\/\\\/www.facebook.com\\\/mecolpress\\\/\",\"https:\\\/\\\/www.instagram.com\\\/mecolpress\",\"https:\\\/\\\/www.linkedin.com\\\/company\\\/mecolpress-s.p.a.\",\"https:\\\/\\\/www.youtube.com\\\/user\\\/mecolpressvideo\"]}]}<\/script>\n<!-- \/ Yoast SEO Premium plugin. -->","yoast_head_json":{"title":"Mat\u00e9riaux estamp\u00e9s avec des presses d'estampage \u00e0 chaud","description":"Mecolpress est le leader dans la production de presses pour l\u2019estampage \u00e0 chaud de mat\u00e9riaux tels que le laiton,le titane,l\u2019aluminium,le cuivre et l\u2019acier.","robots":{"index":"index","follow":"follow","max-snippet":"max-snippet:-1","max-image-preview":"max-image-preview:large","max-video-preview":"max-video-preview:-1"},"canonical":"https:\/\/www.mecolpress.com\/fr\/materiaux\/","og_locale":"fr_FR","og_type":"article","og_title":"Mat\u00e9riaux","og_description":"Mecolpress est le leader dans la production de presses pour l\u2019estampage \u00e0 chaud de mat\u00e9riaux tels que le laiton,le titane,l\u2019aluminium,le cuivre et l\u2019acier.","og_url":"https:\/\/www.mecolpress.com\/fr\/materiaux\/","og_site_name":"Mecolpress","article_publisher":"https:\/\/www.facebook.com\/mecolpress\/","article_modified_time":"2020-05-21T20:51:40+00:00","twitter_card":"summary_large_image","twitter_misc":{"Dur\u00e9e de lecture estim\u00e9e":"6 minutes"},"schema":{"@context":"https:\/\/schema.org","@graph":[{"@type":"WebPage","@id":"https:\/\/www.mecolpress.com\/fr\/materiaux\/","url":"https:\/\/www.mecolpress.com\/fr\/materiaux\/","name":"Mat\u00e9riaux estamp\u00e9s avec des presses d'estampage \u00e0 chaud","isPartOf":{"@id":"https:\/\/www.mecolpress.com\/#website"},"datePublished":"2018-07-06T09:32:02+00:00","dateModified":"2020-05-21T20:51:40+00:00","description":"Mecolpress est le leader dans la production de presses pour l\u2019estampage \u00e0 chaud de mat\u00e9riaux tels que le laiton,le titane,l\u2019aluminium,le cuivre et l\u2019acier.","breadcrumb":{"@id":"https:\/\/www.mecolpress.com\/fr\/materiaux\/#breadcrumb"},"inLanguage":"fr-FR","potentialAction":[{"@type":"ReadAction","target":["https:\/\/www.mecolpress.com\/fr\/materiaux\/"]}]},{"@type":"BreadcrumbList","@id":"https:\/\/www.mecolpress.com\/fr\/materiaux\/#breadcrumb","itemListElement":[{"@type":"ListItem","position":1,"name":"Home","item":"https:\/\/www.mecolpress.com\/fr\/"},{"@type":"ListItem","position":2,"name":"Mat\u00e9riaux"}]},{"@type":"WebSite","@id":"https:\/\/www.mecolpress.com\/#website","url":"https:\/\/www.mecolpress.com\/","name":"Mecolpress","description":"La Tecnologia della Forma","publisher":{"@id":"https:\/\/www.mecolpress.com\/#organization"},"potentialAction":[{"@type":"SearchAction","target":{"@type":"EntryPoint","urlTemplate":"https:\/\/www.mecolpress.com\/?s={search_term_string}"},"query-input":{"@type":"PropertyValueSpecification","valueRequired":true,"valueName":"search_term_string"}}],"inLanguage":"fr-FR"},{"@type":"Organization","@id":"https:\/\/www.mecolpress.com\/#organization","name":"Mecolpress S.p.a.","url":"https:\/\/www.mecolpress.com\/","logo":{"@type":"ImageObject","inLanguage":"fr-FR","@id":"https:\/\/www.mecolpress.com\/#\/schema\/logo\/image\/","url":"https:\/\/www.mecolpress.com\/wp-content\/uploads\/2018\/11\/logo_Mecolpress_RED-Copia.jpg","contentUrl":"https:\/\/www.mecolpress.com\/wp-content\/uploads\/2018\/11\/logo_Mecolpress_RED-Copia.jpg","width":853,"height":516,"caption":"Mecolpress S.p.a."},"image":{"@id":"https:\/\/www.mecolpress.com\/#\/schema\/logo\/image\/"},"sameAs":["https:\/\/www.facebook.com\/mecolpress\/","https:\/\/www.instagram.com\/mecolpress","https:\/\/www.linkedin.com\/company\/mecolpress-s.p.a.","https:\/\/www.youtube.com\/user\/mecolpressvideo"]}]}},"jetpack_sharing_enabled":true,"_links":{"self":[{"href":"https:\/\/www.mecolpress.com\/fr\/wp-json\/wp\/v2\/pages\/19090","targetHints":{"allow":["GET"]}}],"collection":[{"href":"https:\/\/www.mecolpress.com\/fr\/wp-json\/wp\/v2\/pages"}],"about":[{"href":"https:\/\/www.mecolpress.com\/fr\/wp-json\/wp\/v2\/types\/page"}],"author":[{"embeddable":true,"href":"https:\/\/www.mecolpress.com\/fr\/wp-json\/wp\/v2\/users\/4"}],"replies":[{"embeddable":true,"href":"https:\/\/www.mecolpress.com\/fr\/wp-json\/wp\/v2\/comments?post=19090"}],"version-history":[{"count":13,"href":"https:\/\/www.mecolpress.com\/fr\/wp-json\/wp\/v2\/pages\/19090\/revisions"}],"predecessor-version":[{"id":24851,"href":"https:\/\/www.mecolpress.com\/fr\/wp-json\/wp\/v2\/pages\/19090\/revisions\/24851"}],"wp:attachment":[{"href":"https:\/\/www.mecolpress.com\/fr\/wp-json\/wp\/v2\/media?parent=19090"}],"curies":[{"name":"wp","href":"https:\/\/api.w.org\/{rel}","templated":true}]}}