{"id":19165,"date":"2018-07-06T12:55:18","date_gmt":"2018-07-06T10:55:18","guid":{"rendered":"https:\/\/www.mecolpress.com\/?page_id=19165"},"modified":"2018-12-14T13:57:40","modified_gmt":"2018-12-14T12:57:40","slug":"presses-debavurage","status":"publish","type":"page","link":"https:\/\/www.mecolpress.com\/fr\/presses-debavurage\/","title":{"rendered":"Presses d\u2019\u00e9bavurage"},"content":{"rendered":"<p>[vc_section][vc_row][vc_column css=\u00a0\u00bb.vc_custom_1528193417917{margin-top: 12px !important;}\u00a0\u00bb][vc_column_text]<\/p>\n<div class=\"heading-subtitle\">\n<p>Macchine<\/p>\n<\/div>\n<p>[\/vc_column_text][\/vc_column][\/vc_row][vc_row gap=\u00a0\u00bb35&Prime;][vc_column width=\u00a0\u00bb1\/2&Prime;]<h1 class='heading-left  divider-modern'  id='page-header'><span>Presses d\u2019\u00e9bavurage<\/span><\/h1>[vc_empty_space][vc_row_inner][vc_column_inner][vc_single_image image=\u00a0\u00bb18226&Prime; img_size=\u00a0\u00bbfull\u00a0\u00bb][\/vc_column_inner][\/vc_row_inner][vc_cta h2=\u00a0\u00bb\u00a0\u00bb txt_align=\u00a0\u00bbcenter\u00a0\u00bb shape=\u00a0\u00bbsquare\u00a0\u00bb style=\u00a0\u00bbflat\u00a0\u00bb el_width=\u00a0\u00bblg\u00a0\u00bb add_button=\u00a0\u00bbbottom\u00a0\u00bb btn_title=\u00a0\u00bbConcact<br \/>\nen savoir plus\u00a0\u00bb btn_color=\u00a0\u00bbdanger\u00a0\u00bb btn_align=\u00a0\u00bbcenter\u00a0\u00bb btn_css_animation=\u00a0\u00bbbounceIn\u00a0\u00bb css_animation=\u00a0\u00bbbounceIn\u00a0\u00bb btn_button_block=\u00a0\u00bbtrue\u00a0\u00bb btn_link=\u00a0\u00bburl:https%3A%2F%2Fwww.mecolpress.com%2Ffr%2Fcontacts%2F|||\u00a0\u00bb][\/vc_cta][\/vc_column][vc_column width=\u00a0\u00bb1\/2&Prime;][vc_empty_space height=\u00a0\u00bb20px\u00a0\u00bb][vc_column_text el_class=\u00a0\u00bbclaim-text\u00a0\u00bb]Presses d\u2019\u00e9bavurage \u00e0 plateau tournant ou simple pour le tranchage des pi\u00e8ces estamp\u00e9es en mode manuel ou automatique, avec une capacit\u00e9 de 100kN \u00e0 600kN.[\/vc_column_text][vc_empty_space][vc_column_text]La s\u00e9rie E\/* a \u00e9t\u00e9 con\u00e7ue pour \u00eatre aussi utilis\u00e9e avec un syst\u00e8me de vision et un robot anthropomorphe afin de cr\u00e9er des \u00eelots de tranchage enti\u00e8rement automatis\u00e9s.[\/vc_column_text][vc_empty_space][vc_column_text]<\/p>\n<h4><span style=\"color: #e31a00;\">Consultez nos lignes de Presses d\u2019\u00e9bavurage:<\/span><\/h4>\n<p>[\/vc_column_text][vc_empty_space][vc_wp_custommenu nav_menu=\u00a0\u00bb118&Prime;][\/vc_column][\/vc_row][\/vc_section][vc_section full_width=\u00a0\u00bbstretch_row\u00a0\u00bb css=\u00a0\u00bb.vc_custom_1527673011588{margin-top: 32px !important;margin-bottom: 0px !important;padding-top: 0px !important;padding-bottom: 0px !important;background-color: #e41b21 !important;}\u00a0\u00bb el_class=\u00a0\u00bbbefore-footer\u00a0\u00bb][vc_row][vc_column][vc_raw_html]JTNDc2VjdGlvbiUyMGRhdGEtdmMtZnVsbC13aWR0aCUzRCUyMnRydWUlMjIlMjBkYXRhLXZjLWZ1bGwtd2lkdGgtaW5pdCUzRCUyMnRydWUlMjIlMjBjbGFzcyUzRCUyMnZjX3NlY3Rpb24lMjBiZWZvcmUtZm9vdGVyJTIwdmNfY3VzdG9tXzE1Mjc2NjcxODQwMjklMjB2Y19zZWN0aW9uLWhhcy1maWxsJTIyJTNFJTBBJTA5JTNDZGl2JTIwY2xhc3MlM0QlMjJib3gtbGVmdCUyMiUzRSUwQSUwOSUwOSUzQ2RpdiUyMGNsYXNzJTNEJTIyaWNvbi1tZWRpYSUyMiUyMGRhdGEtc3R5bGUlM0QlMjJ3aWR0aCUzQSUyMDQ4cHglM0IlMjIlMjBzdHlsZSUzRCUyMmZvbnQtc2l6ZSUzQSUyMDQ4cHglM0IlMjIlM0UlMEElMDklMDklMDklM0NpJTIwY2xhc3MlM0QlMjJmYSUyMGZhJTIwZmEtbW9iaWxlJTIyJTNFJTNDJTJGaSUzRSUwQSUwOSUwOSUzQyUyRmRpdiUzRSUwQSUwOSUwOSUzQ2RpdiUyMGNsYXNzJTNEJTIydGV4dC1zaWRlLWljb24lMjIlM0UlMEElMDklMDklMDklM0NoMyUyMGNsYXNzJTNEJTIyaWNvbi10aXRsZSUyMHRleHQtdXBwZXJjYXNlJTIyJTNFQ29udGFjdCUzQyUyRmgzJTNFJTBBJTA5JTA5JTA5JTNDcCUzRUVuJTIwc2F2b2lyJTIwcGx1cyUzQyUyRnAlM0UlMDklMDklMDklMDklMEElMDklMDklM0MlMkZkaXYlM0UlMDklMEElMDklMDklM0NkaXYlMjBjbGFzcyUzRCUyMndwYl93cmFwcGVyJTIyJTNFJTBBJTA5JTA5JTA5JTNDYSUyMGhyZWYlM0QlMjJ0ZWwlM0ElMkIzOTAzMDI1NjAxMTAlMjIlM0UlMjglMkIzOSUyOSUyMDAzMC4lMjAyNS42MC4xMTAlM0MlMkZhJTNFJTBBJTA5JTA5JTNDJTJGZGl2JTNFJTBBJTA5JTNDJTJGZGl2JTNFJTA5JTBBJTA5JTNDZGl2JTIwY2xhc3MlM0QlMjJib3gtcmlnaHQlMjIlM0UlMEElMDklMDklM0NkaXYlMjBjbGFzcyUzRCUyMmljb24tbWVkaWElMjIlMjBkYXRhLXN0eWxlJTNEJTIyd2lkdGglM0ElMjAzOHB4JTNCJTIyJTIwc3R5bGUlM0QlMjJmb250LXNpemUlM0ElMjAzOHB4JTNCJTIyJTNFJTBBJTA5JTA5JTA5JTNDaSUyMGNsYXNzJTNEJTIyZmElMjBmYSUyMGZhLWVudmVsb3BlLW9wZW4tbyUyMiUzRSUzQyUyRmklM0UlMEElMDklMDklM0MlMkZkaXYlM0UlMEElMDklMDklM0NkaXYlMjBjbGFzcyUzRCUyMnRleHQtc2lkZS1pY29uJTIyJTNFJTBBJTA5JTA5JTA5JTNDaDMlMjBjbGFzcyUzRCUyMmljb24tdGl0bGUlMjB0ZXh0LXVwcGVyY2FzZSUyMiUzRUVudm95ZXIlMjB1biUyMGVtYWlsJTNDJTJGaDMlM0UlMEElMDklMDklMDklM0NwJTNFRGVtYW5kZXIlMjBkZXMlMjBwaSVDMyVBOGNlcyUyMGRlJTIwcmVjaGFuZ2UlM0MlMkZwJTNFJTA5JTA5JTA5JTA5JTBBJTA5JTA5JTNDJTJGZGl2JTNFJTA5JTBBJTA5JTA5JTNDZGl2JTIwY2xhc3MlM0QlMjJ3cGJfd3JhcHBlciUyMiUzRSUwQSUwOSUwOSUwOSUzQ2ElMjBocmVmJTNEJTIybWFpbHRvJTNBc2FsZXMlNDBtZWNvbHByZXNzLmNvbSUyMiUzRXNhbGVzJTQwbWVjb2xwcmVzcy5jb20lM0MlMkZhJTNFJTBBJTA5JTA5JTNDJTJGZGl2JTNFJTBBJTA5JTNDJTJGZGl2JTNFJTA5JTBBJTNDJTJGc2VjdGlvbiUzRQ==[\/vc_raw_html][\/vc_column][\/vc_row][\/vc_section]<\/p>\n","protected":false},"excerpt":{"rendered":"<p>[vc_section][vc_row][vc_column css=\u00a0\u00bb.vc_custom_1528193417917{margin-top: 12px !important;}\u00a0\u00bb][vc_column_text] Macchine [\/vc_column_text][\/vc_column][\/vc_row][vc_row gap=\u00a0\u00bb35&Prime;][vc_column width=\u00a0\u00bb1\/2&Prime;][vc_empty_space][vc_row_inner][vc_column_inner][vc_single_image image=\u00a0\u00bb18226&Prime; img_size=\u00a0\u00bbfull\u00a0\u00bb][\/vc_column_inner][\/vc_row_inner][vc_cta h2=\u00a0\u00bb\u00a0\u00bb txt_align=\u00a0\u00bbcenter\u00a0\u00bb shape=\u00a0\u00bbsquare\u00a0\u00bb style=\u00a0\u00bbflat\u00a0\u00bb el_width=\u00a0\u00bblg\u00a0\u00bb add_button=\u00a0\u00bbbottom\u00a0\u00bb btn_title=\u00a0\u00bbConcact &hellip;<\/p>\n","protected":false},"author":4,"featured_media":0,"parent":0,"menu_order":0,"comment_status":"closed","ping_status":"closed","template":"","meta":{"footnotes":""},"class_list":["post-19165","page","type-page","status-publish","hentry"],"yoast_head":"<!-- This site is optimized with the Yoast SEO Premium plugin v27.3 (Yoast SEO v27.3) - https:\/\/yoast.com\/product\/yoast-seo-premium-wordpress\/ -->\n<title>Presses d\u2019\u00e9bavurage pour le tranchage des pi\u00e8ces estamp\u00e9es<\/title>\n<meta name=\"description\" content=\"Presses d\u2019\u00e9bavurage \u00e0 plateau tournant ou simple pour le tranchage des pi\u00e8ces estamp\u00e9es en mode manuel ou automatique, avec une capacit\u00e9 de 100kN \u00e0 600kN.\" \/>\n<meta name=\"robots\" content=\"index, follow, max-snippet:-1, max-image-preview:large, max-video-preview:-1\" \/>\n<link rel=\"canonical\" href=\"https:\/\/www.mecolpress.com\/fr\/presses-debavurage\/\" \/>\n<meta property=\"og:locale\" content=\"fr_FR\" \/>\n<meta property=\"og:type\" content=\"article\" \/>\n<meta property=\"og:title\" content=\"Presses d\u2019\u00e9bavurage\" \/>\n<meta property=\"og:description\" content=\"Presses d\u2019\u00e9bavurage \u00e0 plateau tournant ou simple pour le tranchage des pi\u00e8ces estamp\u00e9es en mode manuel ou automatique, avec une capacit\u00e9 de 100kN \u00e0 600kN.\" \/>\n<meta property=\"og:url\" content=\"https:\/\/www.mecolpress.com\/fr\/presses-debavurage\/\" \/>\n<meta property=\"og:site_name\" content=\"Mecolpress\" \/>\n<meta property=\"article:publisher\" content=\"https:\/\/www.facebook.com\/mecolpress\/\" \/>\n<meta property=\"article:modified_time\" content=\"2018-12-14T12:57:40+00:00\" \/>\n<meta name=\"twitter:card\" content=\"summary_large_image\" \/>\n<meta name=\"twitter:label1\" content=\"Dur\u00e9e de lecture estim\u00e9e\" \/>\n\t<meta name=\"twitter:data1\" content=\"2 minutes\" \/>\n<script type=\"application\/ld+json\" class=\"yoast-schema-graph\">{\"@context\":\"https:\\\/\\\/schema.org\",\"@graph\":[{\"@type\":\"WebPage\",\"@id\":\"https:\\\/\\\/www.mecolpress.com\\\/fr\\\/presses-debavurage\\\/\",\"url\":\"https:\\\/\\\/www.mecolpress.com\\\/fr\\\/presses-debavurage\\\/\",\"name\":\"Presses d\u2019\u00e9bavurage pour le tranchage des pi\u00e8ces estamp\u00e9es\",\"isPartOf\":{\"@id\":\"https:\\\/\\\/www.mecolpress.com\\\/#website\"},\"datePublished\":\"2018-07-06T10:55:18+00:00\",\"dateModified\":\"2018-12-14T12:57:40+00:00\",\"description\":\"Presses d\u2019\u00e9bavurage \u00e0 plateau tournant ou simple pour le tranchage des pi\u00e8ces estamp\u00e9es en mode manuel ou automatique, avec une capacit\u00e9 de 100kN \u00e0 600kN.\",\"breadcrumb\":{\"@id\":\"https:\\\/\\\/www.mecolpress.com\\\/fr\\\/presses-debavurage\\\/#breadcrumb\"},\"inLanguage\":\"fr-FR\",\"potentialAction\":[{\"@type\":\"ReadAction\",\"target\":[\"https:\\\/\\\/www.mecolpress.com\\\/fr\\\/presses-debavurage\\\/\"]}]},{\"@type\":\"BreadcrumbList\",\"@id\":\"https:\\\/\\\/www.mecolpress.com\\\/fr\\\/presses-debavurage\\\/#breadcrumb\",\"itemListElement\":[{\"@type\":\"ListItem\",\"position\":1,\"name\":\"Home\",\"item\":\"https:\\\/\\\/www.mecolpress.com\\\/fr\\\/\"},{\"@type\":\"ListItem\",\"position\":2,\"name\":\"Presses d\u2019\u00e9bavurage\"}]},{\"@type\":\"WebSite\",\"@id\":\"https:\\\/\\\/www.mecolpress.com\\\/#website\",\"url\":\"https:\\\/\\\/www.mecolpress.com\\\/\",\"name\":\"Mecolpress\",\"description\":\"La Tecnologia della Forma\",\"publisher\":{\"@id\":\"https:\\\/\\\/www.mecolpress.com\\\/#organization\"},\"potentialAction\":[{\"@type\":\"SearchAction\",\"target\":{\"@type\":\"EntryPoint\",\"urlTemplate\":\"https:\\\/\\\/www.mecolpress.com\\\/?s={search_term_string}\"},\"query-input\":{\"@type\":\"PropertyValueSpecification\",\"valueRequired\":true,\"valueName\":\"search_term_string\"}}],\"inLanguage\":\"fr-FR\"},{\"@type\":\"Organization\",\"@id\":\"https:\\\/\\\/www.mecolpress.com\\\/#organization\",\"name\":\"Mecolpress S.p.a.\",\"url\":\"https:\\\/\\\/www.mecolpress.com\\\/\",\"logo\":{\"@type\":\"ImageObject\",\"inLanguage\":\"fr-FR\",\"@id\":\"https:\\\/\\\/www.mecolpress.com\\\/#\\\/schema\\\/logo\\\/image\\\/\",\"url\":\"https:\\\/\\\/www.mecolpress.com\\\/wp-content\\\/uploads\\\/2018\\\/11\\\/logo_Mecolpress_RED-Copia.jpg\",\"contentUrl\":\"https:\\\/\\\/www.mecolpress.com\\\/wp-content\\\/uploads\\\/2018\\\/11\\\/logo_Mecolpress_RED-Copia.jpg\",\"width\":853,\"height\":516,\"caption\":\"Mecolpress S.p.a.\"},\"image\":{\"@id\":\"https:\\\/\\\/www.mecolpress.com\\\/#\\\/schema\\\/logo\\\/image\\\/\"},\"sameAs\":[\"https:\\\/\\\/www.facebook.com\\\/mecolpress\\\/\",\"https:\\\/\\\/www.instagram.com\\\/mecolpress\",\"https:\\\/\\\/www.linkedin.com\\\/company\\\/mecolpress-s.p.a.\",\"https:\\\/\\\/www.youtube.com\\\/user\\\/mecolpressvideo\"]}]}<\/script>\n<!-- \/ Yoast SEO Premium plugin. -->","yoast_head_json":{"title":"Presses d\u2019\u00e9bavurage pour le tranchage des pi\u00e8ces estamp\u00e9es","description":"Presses d\u2019\u00e9bavurage \u00e0 plateau tournant ou simple pour le tranchage des pi\u00e8ces estamp\u00e9es en mode manuel ou automatique, avec une capacit\u00e9 de 100kN \u00e0 600kN.","robots":{"index":"index","follow":"follow","max-snippet":"max-snippet:-1","max-image-preview":"max-image-preview:large","max-video-preview":"max-video-preview:-1"},"canonical":"https:\/\/www.mecolpress.com\/fr\/presses-debavurage\/","og_locale":"fr_FR","og_type":"article","og_title":"Presses d\u2019\u00e9bavurage","og_description":"Presses d\u2019\u00e9bavurage \u00e0 plateau tournant ou simple pour le tranchage des pi\u00e8ces estamp\u00e9es en mode manuel ou automatique, avec une capacit\u00e9 de 100kN \u00e0 600kN.","og_url":"https:\/\/www.mecolpress.com\/fr\/presses-debavurage\/","og_site_name":"Mecolpress","article_publisher":"https:\/\/www.facebook.com\/mecolpress\/","article_modified_time":"2018-12-14T12:57:40+00:00","twitter_card":"summary_large_image","twitter_misc":{"Dur\u00e9e de lecture estim\u00e9e":"2 minutes"},"schema":{"@context":"https:\/\/schema.org","@graph":[{"@type":"WebPage","@id":"https:\/\/www.mecolpress.com\/fr\/presses-debavurage\/","url":"https:\/\/www.mecolpress.com\/fr\/presses-debavurage\/","name":"Presses d\u2019\u00e9bavurage pour le tranchage des pi\u00e8ces estamp\u00e9es","isPartOf":{"@id":"https:\/\/www.mecolpress.com\/#website"},"datePublished":"2018-07-06T10:55:18+00:00","dateModified":"2018-12-14T12:57:40+00:00","description":"Presses d\u2019\u00e9bavurage \u00e0 plateau tournant ou simple pour le tranchage des pi\u00e8ces estamp\u00e9es en mode manuel ou automatique, avec une capacit\u00e9 de 100kN \u00e0 600kN.","breadcrumb":{"@id":"https:\/\/www.mecolpress.com\/fr\/presses-debavurage\/#breadcrumb"},"inLanguage":"fr-FR","potentialAction":[{"@type":"ReadAction","target":["https:\/\/www.mecolpress.com\/fr\/presses-debavurage\/"]}]},{"@type":"BreadcrumbList","@id":"https:\/\/www.mecolpress.com\/fr\/presses-debavurage\/#breadcrumb","itemListElement":[{"@type":"ListItem","position":1,"name":"Home","item":"https:\/\/www.mecolpress.com\/fr\/"},{"@type":"ListItem","position":2,"name":"Presses d\u2019\u00e9bavurage"}]},{"@type":"WebSite","@id":"https:\/\/www.mecolpress.com\/#website","url":"https:\/\/www.mecolpress.com\/","name":"Mecolpress","description":"La Tecnologia della Forma","publisher":{"@id":"https:\/\/www.mecolpress.com\/#organization"},"potentialAction":[{"@type":"SearchAction","target":{"@type":"EntryPoint","urlTemplate":"https:\/\/www.mecolpress.com\/?s={search_term_string}"},"query-input":{"@type":"PropertyValueSpecification","valueRequired":true,"valueName":"search_term_string"}}],"inLanguage":"fr-FR"},{"@type":"Organization","@id":"https:\/\/www.mecolpress.com\/#organization","name":"Mecolpress S.p.a.","url":"https:\/\/www.mecolpress.com\/","logo":{"@type":"ImageObject","inLanguage":"fr-FR","@id":"https:\/\/www.mecolpress.com\/#\/schema\/logo\/image\/","url":"https:\/\/www.mecolpress.com\/wp-content\/uploads\/2018\/11\/logo_Mecolpress_RED-Copia.jpg","contentUrl":"https:\/\/www.mecolpress.com\/wp-content\/uploads\/2018\/11\/logo_Mecolpress_RED-Copia.jpg","width":853,"height":516,"caption":"Mecolpress S.p.a."},"image":{"@id":"https:\/\/www.mecolpress.com\/#\/schema\/logo\/image\/"},"sameAs":["https:\/\/www.facebook.com\/mecolpress\/","https:\/\/www.instagram.com\/mecolpress","https:\/\/www.linkedin.com\/company\/mecolpress-s.p.a.","https:\/\/www.youtube.com\/user\/mecolpressvideo"]}]}},"jetpack_sharing_enabled":true,"_links":{"self":[{"href":"https:\/\/www.mecolpress.com\/fr\/wp-json\/wp\/v2\/pages\/19165","targetHints":{"allow":["GET"]}}],"collection":[{"href":"https:\/\/www.mecolpress.com\/fr\/wp-json\/wp\/v2\/pages"}],"about":[{"href":"https:\/\/www.mecolpress.com\/fr\/wp-json\/wp\/v2\/types\/page"}],"author":[{"embeddable":true,"href":"https:\/\/www.mecolpress.com\/fr\/wp-json\/wp\/v2\/users\/4"}],"replies":[{"embeddable":true,"href":"https:\/\/www.mecolpress.com\/fr\/wp-json\/wp\/v2\/comments?post=19165"}],"version-history":[{"count":10,"href":"https:\/\/www.mecolpress.com\/fr\/wp-json\/wp\/v2\/pages\/19165\/revisions"}],"predecessor-version":[{"id":22257,"href":"https:\/\/www.mecolpress.com\/fr\/wp-json\/wp\/v2\/pages\/19165\/revisions\/22257"}],"wp:attachment":[{"href":"https:\/\/www.mecolpress.com\/fr\/wp-json\/wp\/v2\/media?parent=19165"}],"curies":[{"name":"wp","href":"https:\/\/api.w.org\/{rel}","templated":true}]}}