{"id":19207,"date":"2018-07-06T13:40:03","date_gmt":"2018-07-06T11:40:03","guid":{"rendered":"https:\/\/www.mecolpress.com\/?page_id=19207"},"modified":"2018-12-14T15:00:25","modified_gmt":"2018-12-14T14:00:25","slug":"presses-mecaniques-de-forgeage","status":"publish","type":"page","link":"https:\/\/www.mecolpress.com\/fr\/presses-mecaniques-de-forgeage\/","title":{"rendered":"Presses m\u00e9caniques de forgeage"},"content":{"rendered":"<p>[vc_section][vc_row][vc_column css=\u00a0\u00bb.vc_custom_1528193248974{margin-top: 12px !important;}\u00a0\u00bb][vc_row_inner][vc_column_inner][\/vc_column_inner][\/vc_row_inner][\/vc_column][\/vc_row][vc_row][vc_column][vc_column_text]<\/p>\n<div class=\"heading-subtitle\">\n<p>Machines<\/p>\n<\/div>\n<p>[\/vc_column_text][\/vc_column][\/vc_row][vc_row gap=\u00a0\u00bb35&Prime;][vc_column width=\u00a0\u00bb1\/2&Prime;]<h1 class='heading-left  divider-modern'  id='page-header'><span>Presses m\u00e9caniques de forgeage<\/span><\/h1>[vc_empty_space][vc_row_inner][vc_column_inner][vc_single_image image=\u00a0\u00bb18946&Prime; img_size=\u00a0\u00bbfull\u00a0\u00bb][\/vc_column_inner][\/vc_row_inner][vc_cta h2=\u00a0\u00bb\u00a0\u00bb txt_align=\u00a0\u00bbcenter\u00a0\u00bb shape=\u00a0\u00bbsquare\u00a0\u00bb style=\u00a0\u00bbflat\u00a0\u00bb el_width=\u00a0\u00bblg\u00a0\u00bb add_button=\u00a0\u00bbbottom\u00a0\u00bb btn_title=\u00a0\u00bbContact<br \/>\nen savoir plus\u00a0\u00bb btn_color=\u00a0\u00bbdanger\u00a0\u00bb btn_align=\u00a0\u00bbcenter\u00a0\u00bb btn_css_animation=\u00a0\u00bbbounceIn\u00a0\u00bb css_animation=\u00a0\u00bbbounceIn\u00a0\u00bb btn_button_block=\u00a0\u00bbtrue\u00a0\u00bb btn_link=\u00a0\u00bburl:https%3A%2F%2Fwww.mecolpress.com%2Ffr%2Fcontacts%2F|||\u00a0\u00bb][\/vc_cta][\/vc_column][vc_column width=\u00a0\u00bb1\/2&Prime;][vc_empty_space height=\u00a0\u00bb20px\u00a0\u00bb][vc_column_text el_class=\u00a0\u00bbclaim-text\u00a0\u00bb]<strong>Les presses m\u00e9caniques<\/strong> peuvent travailler en cycle continu ou discontinu selon les exigences de production.[\/vc_column_text][vc_empty_space][vc_column_text]On peut les \u00e9quiper des diff\u00e9rents accessoires n\u00e9cessaires \u00e0 l\u2019estampage de pi\u00e8ces \u00e0 travers une extrusion verticale et horizontale profonde.<\/p>\n<p>Ces presses utilisent la technique Profibus avec des \u00e9quipements enti\u00e8rement num\u00e9riques, la programmation CNC ainsi que des automatismes de chargement\/d\u00e9chargement \u00e0 contr\u00f4le \u00e9lectronique.<\/p>\n<p>Les presses m\u00e9caniques sont appr\u00e9ci\u00e9es sur le march\u00e9 car elles sont polyvalentes et elles ont une productivit\u00e9 \u00e9lev\u00e9e.<br \/>\nDiff\u00e9rents accessoires optionnels sont disponibles pour la personnalisation en fonction des exigences du client.[\/vc_column_text][vc_empty_space][vc_column_text]<\/p>\n<h4><span style=\"color: #e31a00;\">Consultez nos lignes de Presses M\u00e8caniques:<\/span><\/h4>\n<p>[\/vc_column_text][vc_empty_space][vc_wp_custommenu nav_menu=\u00a0\u00bb120&Prime;][\/vc_column][\/vc_row][\/vc_section][vc_section full_width=\u00a0\u00bbstretch_row\u00a0\u00bb css=\u00a0\u00bb.vc_custom_1527675235141{margin-top: 32px !important;margin-bottom: 0px !important;padding-top: 0px !important;padding-bottom: 0px !important;background-color: #e41b21 !important;}\u00a0\u00bb el_class=\u00a0\u00bbbefore-footer\u00a0\u00bb][vc_row css=\u00a0\u00bb.vc_custom_1527675304373{border-bottom-width: px !important;}\u00a0\u00bb][vc_column][vc_raw_html]JTNDc2VjdGlvbiUyMGRhdGEtdmMtZnVsbC13aWR0aCUzRCUyMnRydWUlMjIlMjBkYXRhLXZjLWZ1bGwtd2lkdGgtaW5pdCUzRCUyMnRydWUlMjIlMjBjbGFzcyUzRCUyMnZjX3NlY3Rpb24lMjBiZWZvcmUtZm9vdGVyJTIwdmNfY3VzdG9tXzE1Mjc2NjcxODQwMjklMjB2Y19zZWN0aW9uLWhhcy1maWxsJTIyJTNFJTBBJTA5JTNDZGl2JTIwY2xhc3MlM0QlMjJib3gtbGVmdCUyMiUzRSUwQSUwOSUwOSUzQ2RpdiUyMGNsYXNzJTNEJTIyaWNvbi1tZWRpYSUyMiUyMGRhdGEtc3R5bGUlM0QlMjJ3aWR0aCUzQSUyMDQ4cHglM0IlMjIlMjBzdHlsZSUzRCUyMmZvbnQtc2l6ZSUzQSUyMDQ4cHglM0IlMjIlM0UlMEElMDklMDklMDklM0NpJTIwY2xhc3MlM0QlMjJmYSUyMGZhJTIwZmEtbW9iaWxlJTIyJTNFJTNDJTJGaSUzRSUwQSUwOSUwOSUzQyUyRmRpdiUzRSUwQSUwOSUwOSUzQ2RpdiUyMGNsYXNzJTNEJTIydGV4dC1zaWRlLWljb24lMjIlM0UlMEElMDklMDklMDklM0NoMyUyMGNsYXNzJTNEJTIyaWNvbi10aXRsZSUyMHRleHQtdXBwZXJjYXNlJTIyJTNFQ29udGFjdCUzQyUyRmgzJTNFJTBBJTA5JTA5JTA5JTNDcCUzRUVuJTIwc2F2b2lyJTIwcGx1cyUzQyUyRnAlM0UlMDklMDklMDklMDklMEElMDklMDklM0MlMkZkaXYlM0UlMDklMEElMDklMDklM0NkaXYlMjBjbGFzcyUzRCUyMndwYl93cmFwcGVyJTIyJTNFJTBBJTA5JTA5JTA5JTNDYSUyMGhyZWYlM0QlMjJ0ZWwlM0ElMkIzOTAzMDI1NjAxMTAlMjIlM0UlMjglMkIzOSUyOSUyMDAzMC4lMjAyNS42MC4xMTAlM0MlMkZhJTNFJTBBJTA5JTA5JTNDJTJGZGl2JTNFJTBBJTA5JTNDJTJGZGl2JTNFJTA5JTBBJTA5JTNDZGl2JTIwY2xhc3MlM0QlMjJib3gtcmlnaHQlMjIlM0UlMEElMDklMDklM0NkaXYlMjBjbGFzcyUzRCUyMmljb24tbWVkaWElMjIlMjBkYXRhLXN0eWxlJTNEJTIyd2lkdGglM0ElMjAzOHB4JTNCJTIyJTIwc3R5bGUlM0QlMjJmb250LXNpemUlM0ElMjAzOHB4JTNCJTIyJTNFJTBBJTA5JTA5JTA5JTNDaSUyMGNsYXNzJTNEJTIyZmElMjBmYSUyMGZhLWVudmVsb3BlLW9wZW4tbyUyMiUzRSUzQyUyRmklM0UlMEElMDklMDklM0MlMkZkaXYlM0UlMEElMDklMDklM0NkaXYlMjBjbGFzcyUzRCUyMnRleHQtc2lkZS1pY29uJTIyJTNFJTBBJTA5JTA5JTA5JTNDaDMlMjBjbGFzcyUzRCUyMmljb24tdGl0bGUlMjB0ZXh0LXVwcGVyY2FzZSUyMiUzRUVudm95ZXIlMjB1biUyMGVtYWlsJTNDJTJGaDMlM0UlMEElMDklMDklMDklM0NwJTNFRGVtYW5kZXIlMjBkZXMlMjBwaSVDMyVBOGNlcyUyMGRlJTIwcmVjaGFuZ2UlM0MlMkZwJTNFJTA5JTA5JTA5JTA5JTBBJTA5JTA5JTNDJTJGZGl2JTNFJTA5JTBBJTA5JTA5JTNDZGl2JTIwY2xhc3MlM0QlMjJ3cGJfd3JhcHBlciUyMiUzRSUwQSUwOSUwOSUwOSUzQ2ElMjBocmVmJTNEJTIybWFpbHRvJTNBc2FsZXMlNDBtZWNvbHByZXNzLmNvbSUyMiUzRXNhbGVzJTQwbWVjb2xwcmVzcy5jb20lM0MlMkZhJTNFJTBBJTA5JTA5JTNDJTJGZGl2JTNFJTBBJTA5JTNDJTJGZGl2JTNFJTA5JTBBJTNDJTJGc2VjdGlvbiUzRSUwQQ==[\/vc_raw_html][\/vc_column][\/vc_row][\/vc_section]<\/p>\n","protected":false},"excerpt":{"rendered":"<p>[vc_section][vc_row][vc_column css=\u00a0\u00bb.vc_custom_1528193248974{margin-top: 12px !important;}\u00a0\u00bb][vc_row_inner][vc_column_inner][\/vc_column_inner][\/vc_row_inner][\/vc_column][\/vc_row][vc_row][vc_column][vc_column_text] Machines [\/vc_column_text][\/vc_column][\/vc_row][vc_row gap=\u00a0\u00bb35&Prime;][vc_column width=\u00a0\u00bb1\/2&Prime;][vc_empty_space][vc_row_inner][vc_column_inner][vc_single_image image=\u00a0\u00bb18946&Prime; img_size=\u00a0\u00bbfull\u00a0\u00bb][\/vc_column_inner][\/vc_row_inner][vc_cta h2=\u00a0\u00bb\u00a0\u00bb txt_align=\u00a0\u00bbcenter\u00a0\u00bb shape=\u00a0\u00bbsquare\u00a0\u00bb style=\u00a0\u00bbflat\u00a0\u00bb el_width=\u00a0\u00bblg\u00a0\u00bb add_button=\u00a0\u00bbbottom\u00a0\u00bb btn_title=\u00a0\u00bbContact &hellip;<\/p>\n","protected":false},"author":4,"featured_media":0,"parent":0,"menu_order":0,"comment_status":"closed","ping_status":"closed","template":"","meta":{"footnotes":""},"class_list":["post-19207","page","type-page","status-publish","hentry"],"yoast_head":"<!-- This site is optimized with the Yoast SEO Premium plugin v27.4 (Yoast SEO v27.4) - https:\/\/yoast.com\/product\/yoast-seo-premium-wordpress\/ -->\n<title>Presses m\u00e9caniques peuvent travailler en cycle continu ou discontinu<\/title>\n<meta name=\"description\" content=\"Les presses m\u00e9caniques peuvent travailler en cycle continu ou discontinu selon les exigences de production, extrusion verticale et horizontale\" \/>\n<meta name=\"robots\" content=\"index, follow, max-snippet:-1, max-image-preview:large, max-video-preview:-1\" \/>\n<link rel=\"canonical\" href=\"https:\/\/www.mecolpress.com\/fr\/presses-mecaniques-de-forgeage\/\" \/>\n<meta property=\"og:locale\" content=\"fr_FR\" \/>\n<meta property=\"og:type\" content=\"article\" \/>\n<meta property=\"og:title\" content=\"Presses m\u00e9caniques de forgeage\" \/>\n<meta property=\"og:description\" content=\"Les presses m\u00e9caniques peuvent travailler en cycle continu ou discontinu selon les exigences de production, extrusion verticale et horizontale\" \/>\n<meta property=\"og:url\" content=\"https:\/\/www.mecolpress.com\/fr\/presses-mecaniques-de-forgeage\/\" \/>\n<meta property=\"og:site_name\" content=\"Mecolpress\" \/>\n<meta property=\"article:publisher\" content=\"https:\/\/www.facebook.com\/mecolpress\/\" \/>\n<meta property=\"article:modified_time\" content=\"2018-12-14T14:00:25+00:00\" \/>\n<meta name=\"twitter:card\" content=\"summary_large_image\" \/>\n<meta name=\"twitter:label1\" content=\"Dur\u00e9e de lecture estim\u00e9e\" \/>\n\t<meta name=\"twitter:data1\" content=\"3 minutes\" \/>\n<script type=\"application\/ld+json\" class=\"yoast-schema-graph\">{\"@context\":\"https:\\\/\\\/schema.org\",\"@graph\":[{\"@type\":\"WebPage\",\"@id\":\"https:\\\/\\\/www.mecolpress.com\\\/fr\\\/presses-mecaniques-de-forgeage\\\/\",\"url\":\"https:\\\/\\\/www.mecolpress.com\\\/fr\\\/presses-mecaniques-de-forgeage\\\/\",\"name\":\"Presses m\u00e9caniques peuvent travailler en cycle continu ou discontinu\",\"isPartOf\":{\"@id\":\"https:\\\/\\\/www.mecolpress.com\\\/#website\"},\"datePublished\":\"2018-07-06T11:40:03+00:00\",\"dateModified\":\"2018-12-14T14:00:25+00:00\",\"description\":\"Les presses m\u00e9caniques peuvent travailler en cycle continu ou discontinu selon les exigences de production, extrusion verticale et horizontale\",\"breadcrumb\":{\"@id\":\"https:\\\/\\\/www.mecolpress.com\\\/fr\\\/presses-mecaniques-de-forgeage\\\/#breadcrumb\"},\"inLanguage\":\"fr-FR\",\"potentialAction\":[{\"@type\":\"ReadAction\",\"target\":[\"https:\\\/\\\/www.mecolpress.com\\\/fr\\\/presses-mecaniques-de-forgeage\\\/\"]}]},{\"@type\":\"BreadcrumbList\",\"@id\":\"https:\\\/\\\/www.mecolpress.com\\\/fr\\\/presses-mecaniques-de-forgeage\\\/#breadcrumb\",\"itemListElement\":[{\"@type\":\"ListItem\",\"position\":1,\"name\":\"Home\",\"item\":\"https:\\\/\\\/www.mecolpress.com\\\/fr\\\/\"},{\"@type\":\"ListItem\",\"position\":2,\"name\":\"Presses m\u00e9caniques de forgeage\"}]},{\"@type\":\"WebSite\",\"@id\":\"https:\\\/\\\/www.mecolpress.com\\\/#website\",\"url\":\"https:\\\/\\\/www.mecolpress.com\\\/\",\"name\":\"Mecolpress\",\"description\":\"La Tecnologia della Forma\",\"publisher\":{\"@id\":\"https:\\\/\\\/www.mecolpress.com\\\/#organization\"},\"potentialAction\":[{\"@type\":\"SearchAction\",\"target\":{\"@type\":\"EntryPoint\",\"urlTemplate\":\"https:\\\/\\\/www.mecolpress.com\\\/?s={search_term_string}\"},\"query-input\":{\"@type\":\"PropertyValueSpecification\",\"valueRequired\":true,\"valueName\":\"search_term_string\"}}],\"inLanguage\":\"fr-FR\"},{\"@type\":\"Organization\",\"@id\":\"https:\\\/\\\/www.mecolpress.com\\\/#organization\",\"name\":\"Mecolpress S.p.a.\",\"url\":\"https:\\\/\\\/www.mecolpress.com\\\/\",\"logo\":{\"@type\":\"ImageObject\",\"inLanguage\":\"fr-FR\",\"@id\":\"https:\\\/\\\/www.mecolpress.com\\\/#\\\/schema\\\/logo\\\/image\\\/\",\"url\":\"https:\\\/\\\/www.mecolpress.com\\\/wp-content\\\/uploads\\\/2018\\\/11\\\/logo_Mecolpress_RED-Copia.jpg\",\"contentUrl\":\"https:\\\/\\\/www.mecolpress.com\\\/wp-content\\\/uploads\\\/2018\\\/11\\\/logo_Mecolpress_RED-Copia.jpg\",\"width\":853,\"height\":516,\"caption\":\"Mecolpress S.p.a.\"},\"image\":{\"@id\":\"https:\\\/\\\/www.mecolpress.com\\\/#\\\/schema\\\/logo\\\/image\\\/\"},\"sameAs\":[\"https:\\\/\\\/www.facebook.com\\\/mecolpress\\\/\",\"https:\\\/\\\/www.instagram.com\\\/mecolpress\",\"https:\\\/\\\/www.linkedin.com\\\/company\\\/mecolpress-s.p.a.\",\"https:\\\/\\\/www.youtube.com\\\/user\\\/mecolpressvideo\"]}]}<\/script>\n<!-- \/ Yoast SEO Premium plugin. -->","yoast_head_json":{"title":"Presses m\u00e9caniques peuvent travailler en cycle continu ou discontinu","description":"Les presses m\u00e9caniques peuvent travailler en cycle continu ou discontinu selon les exigences de production, extrusion verticale et horizontale","robots":{"index":"index","follow":"follow","max-snippet":"max-snippet:-1","max-image-preview":"max-image-preview:large","max-video-preview":"max-video-preview:-1"},"canonical":"https:\/\/www.mecolpress.com\/fr\/presses-mecaniques-de-forgeage\/","og_locale":"fr_FR","og_type":"article","og_title":"Presses m\u00e9caniques de forgeage","og_description":"Les presses m\u00e9caniques peuvent travailler en cycle continu ou discontinu selon les exigences de production, extrusion verticale et horizontale","og_url":"https:\/\/www.mecolpress.com\/fr\/presses-mecaniques-de-forgeage\/","og_site_name":"Mecolpress","article_publisher":"https:\/\/www.facebook.com\/mecolpress\/","article_modified_time":"2018-12-14T14:00:25+00:00","twitter_card":"summary_large_image","twitter_misc":{"Dur\u00e9e de lecture estim\u00e9e":"3 minutes"},"schema":{"@context":"https:\/\/schema.org","@graph":[{"@type":"WebPage","@id":"https:\/\/www.mecolpress.com\/fr\/presses-mecaniques-de-forgeage\/","url":"https:\/\/www.mecolpress.com\/fr\/presses-mecaniques-de-forgeage\/","name":"Presses m\u00e9caniques peuvent travailler en cycle continu ou discontinu","isPartOf":{"@id":"https:\/\/www.mecolpress.com\/#website"},"datePublished":"2018-07-06T11:40:03+00:00","dateModified":"2018-12-14T14:00:25+00:00","description":"Les presses m\u00e9caniques peuvent travailler en cycle continu ou discontinu selon les exigences de production, extrusion verticale et horizontale","breadcrumb":{"@id":"https:\/\/www.mecolpress.com\/fr\/presses-mecaniques-de-forgeage\/#breadcrumb"},"inLanguage":"fr-FR","potentialAction":[{"@type":"ReadAction","target":["https:\/\/www.mecolpress.com\/fr\/presses-mecaniques-de-forgeage\/"]}]},{"@type":"BreadcrumbList","@id":"https:\/\/www.mecolpress.com\/fr\/presses-mecaniques-de-forgeage\/#breadcrumb","itemListElement":[{"@type":"ListItem","position":1,"name":"Home","item":"https:\/\/www.mecolpress.com\/fr\/"},{"@type":"ListItem","position":2,"name":"Presses m\u00e9caniques de forgeage"}]},{"@type":"WebSite","@id":"https:\/\/www.mecolpress.com\/#website","url":"https:\/\/www.mecolpress.com\/","name":"Mecolpress","description":"La Tecnologia della Forma","publisher":{"@id":"https:\/\/www.mecolpress.com\/#organization"},"potentialAction":[{"@type":"SearchAction","target":{"@type":"EntryPoint","urlTemplate":"https:\/\/www.mecolpress.com\/?s={search_term_string}"},"query-input":{"@type":"PropertyValueSpecification","valueRequired":true,"valueName":"search_term_string"}}],"inLanguage":"fr-FR"},{"@type":"Organization","@id":"https:\/\/www.mecolpress.com\/#organization","name":"Mecolpress S.p.a.","url":"https:\/\/www.mecolpress.com\/","logo":{"@type":"ImageObject","inLanguage":"fr-FR","@id":"https:\/\/www.mecolpress.com\/#\/schema\/logo\/image\/","url":"https:\/\/www.mecolpress.com\/wp-content\/uploads\/2018\/11\/logo_Mecolpress_RED-Copia.jpg","contentUrl":"https:\/\/www.mecolpress.com\/wp-content\/uploads\/2018\/11\/logo_Mecolpress_RED-Copia.jpg","width":853,"height":516,"caption":"Mecolpress S.p.a."},"image":{"@id":"https:\/\/www.mecolpress.com\/#\/schema\/logo\/image\/"},"sameAs":["https:\/\/www.facebook.com\/mecolpress\/","https:\/\/www.instagram.com\/mecolpress","https:\/\/www.linkedin.com\/company\/mecolpress-s.p.a.","https:\/\/www.youtube.com\/user\/mecolpressvideo"]}]}},"jetpack_sharing_enabled":true,"_links":{"self":[{"href":"https:\/\/www.mecolpress.com\/fr\/wp-json\/wp\/v2\/pages\/19207","targetHints":{"allow":["GET"]}}],"collection":[{"href":"https:\/\/www.mecolpress.com\/fr\/wp-json\/wp\/v2\/pages"}],"about":[{"href":"https:\/\/www.mecolpress.com\/fr\/wp-json\/wp\/v2\/types\/page"}],"author":[{"embeddable":true,"href":"https:\/\/www.mecolpress.com\/fr\/wp-json\/wp\/v2\/users\/4"}],"replies":[{"embeddable":true,"href":"https:\/\/www.mecolpress.com\/fr\/wp-json\/wp\/v2\/comments?post=19207"}],"version-history":[{"count":9,"href":"https:\/\/www.mecolpress.com\/fr\/wp-json\/wp\/v2\/pages\/19207\/revisions"}],"predecessor-version":[{"id":22261,"href":"https:\/\/www.mecolpress.com\/fr\/wp-json\/wp\/v2\/pages\/19207\/revisions\/22261"}],"wp:attachment":[{"href":"https:\/\/www.mecolpress.com\/fr\/wp-json\/wp\/v2\/media?parent=19207"}],"curies":[{"name":"wp","href":"https:\/\/api.w.org\/{rel}","templated":true}]}}